{"id":1161,"date":"2014-08-08T19:19:10","date_gmt":"2014-08-08T17:19:10","guid":{"rendered":"http:\/\/christoph-groppenberger.com\/de\/?page_id=1161"},"modified":"2014-08-13T18:56:51","modified_gmt":"2014-08-13T16:56:51","slug":"ihre-fineart-prints-auf-leinwand-aludibond-acryl","status":"publish","type":"page","link":"https:\/\/christoph-groppenberger.com\/de\/ihre-fineart-prints-auf-leinwand-aludibond-acryl\/","title":{"rendered":"Naturfoto Onlineshop &#8211; Landschaftsfotografien &#8211; Bilder der Erde"},"content":{"rendered":"<h2><strong>Finden Sie die perfekte Naturaufnahme f\u00fcr Ihre Wohnr\u00e4ume in unserem<span style=\"color: #008000;\"><a class=\"dJAX_internal\" href=\"http:\/\/christoph-groppenberger.com\/de\/shop\/\"><span style=\"color: #008000;\"> Onlineshop &gt;&gt;<br \/>\n<\/span><\/a><\/span><\/strong><\/h2>\n<h2><a title=\"Shop\" href=\"http:\/\/christoph-groppenberger.com\/de\/shop\/\"><img loading=\"lazy\" decoding=\"async\" class=\"alignnone size-full wp-image-1300\" src=\"http:\/\/christoph-groppenberger.com\/de\/wp-content\/uploads\/2014\/08\/-sergione-fotolia.com-3darcastudio-fotolia.jpg\" alt=\"\u00a9-Sergione---Fotolia.com\u00a9-3darcastudio---Fotolia\" width=\"1600\" height=\"550\" srcset=\"https:\/\/christoph-groppenberger.com\/de\/wp-content\/uploads\/2014\/08\/-sergione-fotolia.com-3darcastudio-fotolia.jpg 1600w, https:\/\/christoph-groppenberger.com\/de\/wp-content\/uploads\/2014\/08\/-sergione-fotolia.com-3darcastudio-fotolia-300x103.jpg 300w, https:\/\/christoph-groppenberger.com\/de\/wp-content\/uploads\/2014\/08\/-sergione-fotolia.com-3darcastudio-fotolia-1000x343.jpg 1000w, https:\/\/christoph-groppenberger.com\/de\/wp-content\/uploads\/2014\/08\/-sergione-fotolia.com-3darcastudio-fotolia-1024x352.jpg 1024w, https:\/\/christoph-groppenberger.com\/de\/wp-content\/uploads\/2014\/08\/-sergione-fotolia.com-3darcastudio-fotolia-400x137.jpg 400w, https:\/\/christoph-groppenberger.com\/de\/wp-content\/uploads\/2014\/08\/-sergione-fotolia.com-3darcastudio-fotolia-840x288.jpg 840w\" sizes=\"(max-width: 1600px) 100vw, 1600px\" \/><\/a><\/h2>\n<h2>Wir bieten Ihnen unterschiedliche Materialien an, auf die Sie Ihr gew\u00fcnschtes Motiv drucken lassen k\u00f6nnen:<\/h2>\n<ul>\n<li>\n<h3><strong>FineArt-Print als Fotoposter:<br \/>\n<\/strong><\/h3>\n<p>Gedruckt wird auf ein qualitativ hochwertiges Papier, damit die Farben perfekt zur Geltung kommen. Sie k\u00f6nnen Ihr Foto in einem Rahmen oder mit speziellen Aufh\u00e4ngern aus Metall an Ihren W\u00e4nden anbringen. Das Fotoposter wird handlich in einer Rolle verpackt geliefert.<br \/>\n<span style=\"color: #339966;\"><a title=\"zum Naturfoto - Onlineshop &gt;&gt;\" href=\"http:\/\/christoph-groppenberger.com\/de\/shop\/\"><span style=\"color: #339966;\"><strong>&gt;&gt; zur Bildauswahl<\/strong><\/span><\/a><\/span><\/li>\n<\/ul>\n<ul>\n<li>\n<h3><strong>FineArt-Print auf Leinwand:<br \/>\n<\/strong><\/h3>\n<p>Gedruckt wird auf eine speziell vorbereitete K\u00fcnstlerleinwand aus 100 %-iger Baumwolle mit 500g\/m\u00b2 Gewicht. Sie wird bedruckt mit randlosem Tintenstrahldruck und versiegelt mit UV-Lack. Die Struktur ist matt. Die Leinwand wird in sorgf\u00e4ltiger Handarbeit auf einen 2 cm dicken Keilrahmen gespannt und auf der R\u00fcckseite befestigt. Die Keilrahmen sind keilverzinkt, wodurch die notwendige Stabilit\u00e4t gew\u00e4hrleistet ist. Sie k\u00f6nnen die Leinwand einfach mit einem Nagel an Ihren W\u00e4nden befestigen. Ein Bild auf Leinwand wirkt hochwertig und kommt noch besser zur Geltung.<br \/>\n<span style=\"color: #339966;\"><a title=\"zum Naturfoto - Onlineshop &gt;&gt;\" href=\"http:\/\/christoph-groppenberger.com\/de\/shop\/\"><span style=\"color: #339966;\"><strong>&gt;&gt; zur Bildauswahl<\/strong><\/span><\/a><\/span><\/li>\n<\/ul>\n<ul>\n<li>\n<h3><strong>FineArt-Print auf Alu:<br \/>\n<\/strong><\/h3>\n<p>Gedruckt wird auf eine hochwertige Folie, die danach mit einem speziellen Schutzlaminat versehen wird, das die Farben kr\u00e4ftig wirken l\u00e4sst und dem Bild einen besonderen Glanz verleiht. Dadurch ist das Bild auch UV- und witterungsbest\u00e4ndig, also geeignet f\u00fcr den Innen- und Au\u00dfenbereich. Aludrucke eignen sich auch perfekt f\u00fcr die Verwendung im Badezimmer oder in der K\u00fcche, da sie einfach abwaschbar und feuchtigkeitsbest\u00e4ndig sind. Die Folie wird unter hohem Druck auf eine Alu-Dibond-Platte mit 2 mm St\u00e4rke kaschiert. Geliefert wird Ihr Wunschbild auf einer Alu-Dibond-Platte inklusive Bildaufh\u00e4ngungsset, bestehend aus 2 Aufh\u00e4ngern und 2 Stk. Distanzhaltern f\u00fcr die Montage an Ihrer Wand. Die Elemente werden direkt an die gereinigte Platte geklebt und mit einem Nagel an der Wand befestigt.<br \/>\n<span style=\"color: #339966;\"><a title=\"zum Naturfoto - Onlineshop &gt;&gt;\" href=\"http:\/\/christoph-groppenberger.com\/de\/shop\/\"><span style=\"color: #339966;\"><strong>&gt;&gt; zur Bildauswahl<\/strong><\/span><\/a><\/span><\/li>\n<\/ul>\n<ul>\n<li>\n<h3><strong>FineArt-Print auf Acryl:<br \/>\n<\/strong><\/h3>\n<p>Gedruckt wird hier ebenso auf eine hochwertige Folie, die danach mit speziellem Schutzlaminat versehen wird, das dem Bild einen besonderen Glanz, eine erstaunliche Leuchtkraft und optische Tiefe verleiht. Dadurch ist das Bild auch UV- und witterungsbest\u00e4ndig, also perfekt f\u00fcr den Innen- und Au\u00dfenbereich. Acryldrucke eignen sich auch perfekt f\u00fcr die Verwendung im Badezimmer oder in der K\u00fcche, da sie einfach abwaschbar und feuchtigkeitsbest\u00e4ndig sind. Nach dem Druck wird die Folie aufw\u00e4ndig auf die Platte mit 4 mm St\u00e4rke kaschiert und aufgepresst. Hier kann bei r\u00fcckseitiger Beleuchtung ein zus\u00e4tzlicher Effekt erzielt werden. Geliefert wird Ihr Wunschbild auf einer Acryl-Platte inklusive Bildaufh\u00e4ngungsset, bestehend aus 2 Aufh\u00e4ngern und 2 Stk. Distanzhaltern f\u00fcr die Montage an Ihrer Wand. Die Elemente werden direkt an die gereinigte Platte geklebt und mit einem Nagel an der Wand befestigt.<br \/>\n<span style=\"color: #339966;\"><a title=\"zum Naturfoto - Onlineshop &gt;&gt;\" href=\"http:\/\/christoph-groppenberger.com\/de\/shop\/\"><span style=\"color: #339966;\"><strong>&gt;&gt; zur Bildauswahl<\/strong><\/span><\/a><\/span><\/li>\n<\/ul>\n<p>&nbsp;<\/p>\n<p>Sie lieben die Rauheit der Berge oder bevorzugen Sie doch einsame Sonnenunterg\u00e4nge am Meer? In unserem <a title=\"Onlineshop\" href=\"http:\/\/christoph-groppenberger.com\/de\/shop\/\">Onlineshop<\/a> finden Sie das richtige Bild f\u00fcr Ihre Vorlieben. Versch\u00f6nern Sie Ihre W\u00e4nde mit atemberaubenden Aufnahmen mit individuellem Charakter.<\/p>\n","protected":false},"excerpt":{"rendered":"<p>Finden Sie die perfekte Naturaufnahme f\u00fcr Ihre Wohnr\u00e4ume in unserem Onlineshop &gt;&gt; Wir bieten Ihnen unterschiedliche Materialien an, auf die Sie Ihr gew\u00fcnschtes Motiv drucken lassen k\u00f6nnen: FineArt-Print als Fotoposter: Gedruckt wird auf ein qualitativ hochwertiges Papier, damit die Farben perfekt zur Geltung kommen. Sie k\u00f6nnen Ihr Foto in einem Rahmen oder mit speziellen Aufh\u00e4ngern aus Metall an Ihren W\u00e4nden anbringen. Das Fotoposter wird handlich in einer Rolle verpackt geliefert. &gt;&gt; zur Bildauswahl FineArt-Print auf Leinwand: Gedruckt wird auf eine speziell vorbereitete K\u00fcnstlerleinwand aus 100 %-iger Baumwolle mit 500g\/m\u00b2 Gewicht. Sie wird bedruckt mit randlosem Tintenstrahldruck und versiegelt mit UV-Lack. Die Struktur ist matt. Die Leinwand wird in sorgf\u00e4ltiger Handarbeit auf einen 2 cm dicken Keilrahmen gespannt und auf der R\u00fcckseite befestigt. Die Keilrahmen sind keilverzinkt, wodurch die notwendige Stabilit\u00e4t gew\u00e4hrleistet ist. Sie k\u00f6nnen die Leinwand einfach mit einem Nagel an Ihren W\u00e4nden befestigen. Ein Bild auf Leinwand wirkt hochwertig..<\/p>\n","protected":false},"author":1,"featured_media":0,"parent":0,"menu_order":0,"comment_status":"closed","ping_status":"open","template":"page-full-width.php","meta":{"footnotes":""},"yoast_head":"<!-- This site is optimized with the Yoast SEO plugin v22.5 - https:\/\/yoast.com\/wordpress\/plugins\/seo\/ -->\n<title>Naturfoto Onlineshop, Landschaftsfotografie Onlineshop<\/title>\n<meta name=\"description\" content=\"G\u00f6nnen Sie sich etwas Besonderes und finden Sie das perfekte Bild f\u00fcr Ihr Zuhause. Im Naturfoto Onlineshop finden Sie die sch\u00f6nsten Landschaftsfotografien.\" \/>\n<meta name=\"robots\" content=\"index, follow, max-snippet:-1, max-image-preview:large, max-video-preview:-1\" \/>\n<meta property=\"og:locale\" content=\"de_DE\" \/>\n<meta property=\"og:type\" content=\"article\" \/>\n<meta property=\"og:title\" content=\"Naturfoto Onlineshop, Landschaftsfotografie Onlineshop\" \/>\n<meta property=\"og:description\" content=\"G\u00f6nnen Sie sich etwas Besonderes und finden Sie das perfekte Bild f\u00fcr Ihr Zuhause. Im Naturfoto Onlineshop finden Sie die sch\u00f6nsten Landschaftsfotografien.\" \/>\n<meta property=\"og:url\" content=\"https:\/\/christoph-groppenberger.com\/de\/ihre-fineart-prints-auf-leinwand-aludibond-acryl\/\" \/>\n<meta property=\"og:site_name\" content=\"Bilder der Erde - Christoph Groppenberger - Fotograf + Kameramann Graz Steiermark \u00d6sterreich\" \/>\n<meta property=\"article:publisher\" content=\"https:\/\/www.facebook.com\/christoph.groppenberger.photographer\" \/>\n<meta property=\"article:modified_time\" content=\"2014-08-13T16:56:51+00:00\" \/>\n<meta property=\"og:image\" content=\"http:\/\/christoph-groppenberger.com\/de\/wp-content\/uploads\/2014\/08\/-sergione-fotolia.com-3darcastudio-fotolia.jpg\" \/>\n<meta name=\"twitter:card\" content=\"summary_large_image\" \/>\n<meta name=\"twitter:site\" content=\"@ChGroppenberger\" \/>\n<meta name=\"twitter:label1\" content=\"Gesch\u00e4tzte Lesezeit\" \/>\n\t<meta name=\"twitter:data1\" content=\"2\u00a0Minuten\" \/>\n<script type=\"application\/ld+json\" class=\"yoast-schema-graph\">{\"@context\":\"https:\/\/schema.org\",\"@graph\":[{\"@type\":\"WebPage\",\"@id\":\"https:\/\/christoph-groppenberger.com\/de\/ihre-fineart-prints-auf-leinwand-aludibond-acryl\/\",\"url\":\"https:\/\/christoph-groppenberger.com\/de\/ihre-fineart-prints-auf-leinwand-aludibond-acryl\/\",\"name\":\"Naturfoto Onlineshop, Landschaftsfotografie Onlineshop\",\"isPartOf\":{\"@id\":\"https:\/\/christoph-groppenberger.com\/de\/#website\"},\"primaryImageOfPage\":{\"@id\":\"https:\/\/christoph-groppenberger.com\/de\/ihre-fineart-prints-auf-leinwand-aludibond-acryl\/#primaryimage\"},\"image\":{\"@id\":\"https:\/\/christoph-groppenberger.com\/de\/ihre-fineart-prints-auf-leinwand-aludibond-acryl\/#primaryimage\"},\"thumbnailUrl\":\"http:\/\/christoph-groppenberger.com\/de\/wp-content\/uploads\/2014\/08\/-sergione-fotolia.com-3darcastudio-fotolia.jpg\",\"datePublished\":\"2014-08-08T17:19:10+00:00\",\"dateModified\":\"2014-08-13T16:56:51+00:00\",\"description\":\"G\u00f6nnen Sie sich etwas Besonderes und finden Sie das perfekte Bild f\u00fcr Ihr Zuhause. Im Naturfoto Onlineshop finden Sie die sch\u00f6nsten Landschaftsfotografien.\",\"breadcrumb\":{\"@id\":\"https:\/\/christoph-groppenberger.com\/de\/ihre-fineart-prints-auf-leinwand-aludibond-acryl\/#breadcrumb\"},\"inLanguage\":\"de\",\"potentialAction\":[{\"@type\":\"ReadAction\",\"target\":[\"https:\/\/christoph-groppenberger.com\/de\/ihre-fineart-prints-auf-leinwand-aludibond-acryl\/\"]}]},{\"@type\":\"ImageObject\",\"inLanguage\":\"de\",\"@id\":\"https:\/\/christoph-groppenberger.com\/de\/ihre-fineart-prints-auf-leinwand-aludibond-acryl\/#primaryimage\",\"url\":\"https:\/\/christoph-groppenberger.com\/de\/wp-content\/uploads\/2014\/08\/-sergione-fotolia.com-3darcastudio-fotolia.jpg\",\"contentUrl\":\"https:\/\/christoph-groppenberger.com\/de\/wp-content\/uploads\/2014\/08\/-sergione-fotolia.com-3darcastudio-fotolia.jpg\",\"width\":1600,\"height\":550},{\"@type\":\"BreadcrumbList\",\"@id\":\"https:\/\/christoph-groppenberger.com\/de\/ihre-fineart-prints-auf-leinwand-aludibond-acryl\/#breadcrumb\",\"itemListElement\":[{\"@type\":\"ListItem\",\"position\":1,\"name\":\"Home\",\"item\":\"https:\/\/christoph-groppenberger.com\/de\/\"},{\"@type\":\"ListItem\",\"position\":2,\"name\":\"Naturfoto Onlineshop &#8211; Landschaftsfotografien &#8211; Bilder der Erde\"}]},{\"@type\":\"WebSite\",\"@id\":\"https:\/\/christoph-groppenberger.com\/de\/#website\",\"url\":\"https:\/\/christoph-groppenberger.com\/de\/\",\"name\":\"Bilder der Erde - Christoph Groppenberger - Fotograf + Kameramann Graz Steiermark \u00d6sterreich\",\"description\":\"Fotograf Graz, Naturfotograf \u00d6sterreich, Dokumentarfotograf, Naturfilm, Dokumentarfilm, Outdoorfoto, Onlineshop\",\"potentialAction\":[{\"@type\":\"SearchAction\",\"target\":{\"@type\":\"EntryPoint\",\"urlTemplate\":\"https:\/\/christoph-groppenberger.com\/de\/?s={search_term_string}\"},\"query-input\":\"required name=search_term_string\"}],\"inLanguage\":\"de\"}]}<\/script>\n<!-- \/ Yoast SEO plugin. -->","yoast_head_json":{"title":"Naturfoto Onlineshop, Landschaftsfotografie Onlineshop","description":"G\u00f6nnen Sie sich etwas Besonderes und finden Sie das perfekte Bild f\u00fcr Ihr Zuhause. Im Naturfoto Onlineshop finden Sie die sch\u00f6nsten Landschaftsfotografien.","robots":{"index":"index","follow":"follow","max-snippet":"max-snippet:-1","max-image-preview":"max-image-preview:large","max-video-preview":"max-video-preview:-1"},"og_locale":"de_DE","og_type":"article","og_title":"Naturfoto Onlineshop, Landschaftsfotografie Onlineshop","og_description":"G\u00f6nnen Sie sich etwas Besonderes und finden Sie das perfekte Bild f\u00fcr Ihr Zuhause. Im Naturfoto Onlineshop finden Sie die sch\u00f6nsten Landschaftsfotografien.","og_url":"https:\/\/christoph-groppenberger.com\/de\/ihre-fineart-prints-auf-leinwand-aludibond-acryl\/","og_site_name":"Bilder der Erde - Christoph Groppenberger - Fotograf + Kameramann Graz Steiermark \u00d6sterreich","article_publisher":"https:\/\/www.facebook.com\/christoph.groppenberger.photographer","article_modified_time":"2014-08-13T16:56:51+00:00","og_image":[{"url":"http:\/\/christoph-groppenberger.com\/de\/wp-content\/uploads\/2014\/08\/-sergione-fotolia.com-3darcastudio-fotolia.jpg"}],"twitter_card":"summary_large_image","twitter_site":"@ChGroppenberger","twitter_misc":{"Gesch\u00e4tzte Lesezeit":"2\u00a0Minuten"},"schema":{"@context":"https:\/\/schema.org","@graph":[{"@type":"WebPage","@id":"https:\/\/christoph-groppenberger.com\/de\/ihre-fineart-prints-auf-leinwand-aludibond-acryl\/","url":"https:\/\/christoph-groppenberger.com\/de\/ihre-fineart-prints-auf-leinwand-aludibond-acryl\/","name":"Naturfoto Onlineshop, Landschaftsfotografie Onlineshop","isPartOf":{"@id":"https:\/\/christoph-groppenberger.com\/de\/#website"},"primaryImageOfPage":{"@id":"https:\/\/christoph-groppenberger.com\/de\/ihre-fineart-prints-auf-leinwand-aludibond-acryl\/#primaryimage"},"image":{"@id":"https:\/\/christoph-groppenberger.com\/de\/ihre-fineart-prints-auf-leinwand-aludibond-acryl\/#primaryimage"},"thumbnailUrl":"http:\/\/christoph-groppenberger.com\/de\/wp-content\/uploads\/2014\/08\/-sergione-fotolia.com-3darcastudio-fotolia.jpg","datePublished":"2014-08-08T17:19:10+00:00","dateModified":"2014-08-13T16:56:51+00:00","description":"G\u00f6nnen Sie sich etwas Besonderes und finden Sie das perfekte Bild f\u00fcr Ihr Zuhause. Im Naturfoto Onlineshop finden Sie die sch\u00f6nsten Landschaftsfotografien.","breadcrumb":{"@id":"https:\/\/christoph-groppenberger.com\/de\/ihre-fineart-prints-auf-leinwand-aludibond-acryl\/#breadcrumb"},"inLanguage":"de","potentialAction":[{"@type":"ReadAction","target":["https:\/\/christoph-groppenberger.com\/de\/ihre-fineart-prints-auf-leinwand-aludibond-acryl\/"]}]},{"@type":"ImageObject","inLanguage":"de","@id":"https:\/\/christoph-groppenberger.com\/de\/ihre-fineart-prints-auf-leinwand-aludibond-acryl\/#primaryimage","url":"https:\/\/christoph-groppenberger.com\/de\/wp-content\/uploads\/2014\/08\/-sergione-fotolia.com-3darcastudio-fotolia.jpg","contentUrl":"https:\/\/christoph-groppenberger.com\/de\/wp-content\/uploads\/2014\/08\/-sergione-fotolia.com-3darcastudio-fotolia.jpg","width":1600,"height":550},{"@type":"BreadcrumbList","@id":"https:\/\/christoph-groppenberger.com\/de\/ihre-fineart-prints-auf-leinwand-aludibond-acryl\/#breadcrumb","itemListElement":[{"@type":"ListItem","position":1,"name":"Home","item":"https:\/\/christoph-groppenberger.com\/de\/"},{"@type":"ListItem","position":2,"name":"Naturfoto Onlineshop &#8211; Landschaftsfotografien &#8211; Bilder der Erde"}]},{"@type":"WebSite","@id":"https:\/\/christoph-groppenberger.com\/de\/#website","url":"https:\/\/christoph-groppenberger.com\/de\/","name":"Bilder der Erde - Christoph Groppenberger - Fotograf + Kameramann Graz Steiermark \u00d6sterreich","description":"Fotograf Graz, Naturfotograf \u00d6sterreich, Dokumentarfotograf, Naturfilm, Dokumentarfilm, Outdoorfoto, Onlineshop","potentialAction":[{"@type":"SearchAction","target":{"@type":"EntryPoint","urlTemplate":"https:\/\/christoph-groppenberger.com\/de\/?s={search_term_string}"},"query-input":"required name=search_term_string"}],"inLanguage":"de"}]}},"_links":{"self":[{"href":"https:\/\/christoph-groppenberger.com\/de\/wp-json\/wp\/v2\/pages\/1161"}],"collection":[{"href":"https:\/\/christoph-groppenberger.com\/de\/wp-json\/wp\/v2\/pages"}],"about":[{"href":"https:\/\/christoph-groppenberger.com\/de\/wp-json\/wp\/v2\/types\/page"}],"author":[{"embeddable":true,"href":"https:\/\/christoph-groppenberger.com\/de\/wp-json\/wp\/v2\/users\/1"}],"replies":[{"embeddable":true,"href":"https:\/\/christoph-groppenberger.com\/de\/wp-json\/wp\/v2\/comments?post=1161"}],"version-history":[{"count":25,"href":"https:\/\/christoph-groppenberger.com\/de\/wp-json\/wp\/v2\/pages\/1161\/revisions"}],"predecessor-version":[{"id":1698,"href":"https:\/\/christoph-groppenberger.com\/de\/wp-json\/wp\/v2\/pages\/1161\/revisions\/1698"}],"wp:attachment":[{"href":"https:\/\/christoph-groppenberger.com\/de\/wp-json\/wp\/v2\/media?parent=1161"}],"curies":[{"name":"wp","href":"https:\/\/api.w.org\/{rel}","templated":true}]}}