{"id":1724,"date":"2019-04-24T14:33:29","date_gmt":"2019-04-24T12:33:29","guid":{"rendered":"http:\/\/christoph-groppenberger.com\/de\/?page_id=1724"},"modified":"2024-08-02T16:59:53","modified_gmt":"2024-08-02T14:59:53","slug":"datenschutzerklaerung","status":"publish","type":"page","link":"https:\/\/christoph-groppenberger.com\/de\/datenschutzerklaerung\/","title":{"rendered":"Datenschutzerklaerung"},"content":{"rendered":"<div class=\"container\">\n<div class=\"content_block no-sidebar row\">\n<div class=\"fl-container span12\">\n<div class=\"row\">\n<div class=\"posts-block span12\">\n<div class=\"contentarea\">\n<div class=\"row-fluid\">\n<div class=\"span12\">\n<h1 style=\"text-align: center;\">Erkl\u00e4rung zur Informationspflicht<\/h1>\n<p style=\"text-align: center;\">(Datenschutzerkl\u00e4rung)<\/p>\n<p>Der Schutz Ihrer pers\u00f6nlichen Daten ist uns ein besonderes Anliegen. Wir verarbeiten Ihre Daten daher ausschlie\u00dflich auf Grundlage der gesetzlichen Bestimmungen (DSGVO, TKG 2003). In diesen Datenschutzinformationen informieren wir Sie \u00fcber die wichtigsten Aspekte der Datenverarbeitung im Rahmen unserer Website.<\/p>\n<p><strong>Zugriffsdaten und Server-Logfiles:<\/strong><br \/>\nDer Provider erhebt Daten \u00fcber jeden Zugriff auf die Website, sogenannte Server-Logfiles. Zu diesen Daten geh\u00f6ren: verwendeter Browser, Betriebssystem, Verweisseite, IP-Adresse, Uhrzeit des Zugriffs usw.<br \/>\nDiese Daten werden nur zu statistischen Auswertungen verwendet und k\u00f6nnen ohne Pr\u00fcfung weiterer Datenquellen keiner bestimmten Person zugeordnet werden. Sofern keine rechtswidrige Nutzung der Website vorliegt, werden diese Daten nicht weiter ausgewertet.<\/p>\n<p><strong>Umgang mit personenbezogenen Daten:<\/strong><br \/>\nPersonenbezogene Daten sind Informationen, mit denen eine Person bestimmbar und zur\u00fcckverfolgbar ist wie zum Beispiel Name, Email-Adresse oder Telefonnummer. Auch Daten \u00fcber Hobbies, Mitgliedschaften, Vorlieben etc. werden darunter verstanden.<\/p>\n<p>Personenbezogene Daten werden auf dieser Website nur zum jeweils angegebenen Zweck erhoben und genutzt, sicher verwahrt und nicht an Dritte weitergegeben.<\/p>\n<p><strong>Kontakt mit uns:<\/strong><br \/>\nWenn Sie per Formular auf der Website oder per Email Kontakt mit uns aufnehmen, werden Ihre angegebenen Daten zwecks Bearbeitung der Anfrage und f\u00fcr den Fall von Anschlussfragen sechs Monate bei uns gespeichert. Diese Daten geben wir nicht ohne Ihre Einwilligung weiter.<\/p>\n<p><strong>Cookies etc.:<\/strong><br \/>\nCookies sind kleine Textdateien, die von einer Webseite auf dem Ger\u00e4t eines Besuchers abgelegt werden und werden in drei Kategorien unterteilt:<br \/>\n\u2013 notwendige Cookies zur Sicherstellung einer funktionierenden Website<br \/>\n\u2013 funktionelle Cookies zur Sicherstellung der Leistung der Website<br \/>\n\u2013 zielorientierte Cookies zur Verbesserung des Benutzererlebnisses<\/p>\n<p>Bei der Deaktivierung von Cookies kann die Funktionalit\u00e4t unserer Website eingeschr\u00e4nkt sein.<\/p>\n<p><strong>Google Analytics:<\/strong><br \/>\nDiese Website nutzt Funktionen des Webanalysedienstes Google Analytics. Google Analytics verwendet zielorientierte Cookies, die am Computer der Nutzer gespeichert werden und eine Analyse der Nutzung der Website erm\u00f6glichen. Mehr Informationen zum Umgang mit Nutzerdaten bei Google Analytics finden Sie in der Datenschutzerkl\u00e4rung von Google: https:\/\/support.google.com\/analytics\/answer\/6004245?hl=de<\/p>\n<p>Sie k\u00f6nnen die Erfassung Ihrer Daten durch dieses Cookie und die Verarbeitung dieser Daten verhindern, indem Sie ein Browser-Plugin herunterladen und auf Ihrem Computer installieren. Das Plugin finden Sie unter folgendem Link: https:\/\/tools.google.com\/dlpage\/gaoptout?hl=de<\/p>\n<p><strong>Google Maps:<\/strong><br \/>\nDiese Webseite verwendet Google Maps f\u00fcr die Darstellung von Karteninformationen. Bei der Nutzung von Google Maps werden von Google auch Daten \u00fcber die Nutzung der Maps-Funktionen durch Besucher der Webseiten erhoben, verarbeitet und genutzt. N\u00e4here Informationen \u00fcber die Datenverarbeitung durch Google k\u00f6nnen Sie den Datenschutzhinweisen von Google auf https:\/\/www.google.at\/intl\/de\/policies\/privacy\/ entnehmen. Dort k\u00f6nnen Sie im Datenschutzcenter auch Ihre Einstellungen ver\u00e4ndern, so dass Sie Ihre Daten verwalten und sch\u00fctzen k\u00f6nnen.<\/p>\n<p><strong>Social Media Cookies:<\/strong><br \/>\nAuf dieser Seite werden Social Media Plugins eingebunden (erkennbar an den jeweiligen Symbolen von Facebook, Twitter, Instagram und Co.) und dadurch eine direkte Verbindung zwischen Ihrem Browser und den Social Media Servern hergestellt. Die auf der Seite eingebundenen sozialen Netzwerke erhalten dadurch Informationen, dass die Website mit dieser IP-Adresse besucht wurde.<br \/>\nDar\u00fcberhinaus k\u00f6nnen die sozialen Netzwerke den Besuch dieser Seite Ihrem Benutzerkonto bei den Netzwerken zuordnen, wenn Sie dort eingeloggt sind. Wir haben keine Kenntnis vom Inhalt der \u00fcbermittelten Daten und deren Nutzung durch die sozialen Netzwerke. Um diese Zuordnung zu verhindern, m\u00fcssen Sie sich lediglich bei den sozialen Netzwerken ausloggen.<br \/>\nGenauere Informationen finden Sie hier:<br \/>\nFacebook: https:\/\/www.facebook.com\/policy.php<br \/>\nInstagram: https:\/\/www.instagram.com\/about\/legal\/privacy<\/p>\n<h4 id=\"googleplus\">Datenschutzerkl\u00e4rung f\u00fcr die Nutzung von Google+<\/h4>\n<p>Mithilfe der Google +1-Schaltfl\u00e4che k\u00f6nnen Sie Informationen weltweit ver\u00f6ffentlichen. \u00fcber die Google +1-Schaltfl\u00e4che erhalten Sie und andere Nutzer personalisierte Inhalte von Google und unseren Partnern. Google speichert sowohl die Information, dass Sie f\u00fcr einen Inhalt +1 gegeben haben, als auch Informationen \u00fcber die Seite, die Sie beim Klicken auf +1 angesehen haben. Ihre +1 k\u00f6nnen als Hinweise zusammen mit Ihrem Profilnamen und Ihrem Foto in Google-Diensten, wie etwa in Suchergebnissen oder in Ihrem Google-Profil, oder an anderen Stellen auf Websites und Anzeigen im Internet eingeblendet werden.<\/p>\n<p>Google zeichnet Informationen \u00fcber Ihre +1-Aktivit\u00e4ten auf, um die Google-Dienste f\u00fcr Sie und andere zu verbessern. Um die Google +1-Schaltfl\u00e4che verwenden zu k\u00f6nnen, ben\u00f6tigen Sie ein weltweit sichtbares, \u00f6ffentliches Google-Profil, das zumindest den f\u00fcr das Profil gew\u00e4hlten Namen enthalten muss. Dieser Name wird in allen Google-Diensten verwendet. In manchen F\u00e4llen kann dieser Name auch einen anderen Namen ersetzen, den Sie beim Teilen von Inhalten \u00fcber Ihr Google-Konto verwendet haben. Die Identit\u00e4t Ihres Google-Profils kann Nutzern angezeigt werden, die Ihre E-Mail-Adresse kennen oder \u00fcber andere identifizierende Informationen von Ihnen verf\u00fcgen.<\/p>\n<p>Neben den oben erl\u00e4uterten Verwendungszwecken werden die von Ihnen bereitgestellten Informationen gem\u00e4\u00df den geltenden Google-Datenschutzbestimmungen genutzt. Google ver\u00f6ffentlicht m\u00f6glicherweise zusammengefasste Statistiken \u00fcber die +1-Aktivit\u00e4ten der Nutzer bzw. gibt diese an Nutzer und Partner weiter, wie etwa Publisher, Inserenten oder verbundene Websites.<\/p>\n<p><strong>Ihre Rechte:<\/strong><br \/>\nIhnen stehen grunds\u00e4tzlich die Rechte auf Auskunft, Berichtigung, L\u00f6schung, Einschr\u00e4nkung, Daten\u00fcbertragbarkeit, Widerruf und Widerspruch zu. Wenn Sie glauben, dass die Verarbeitung Ihrer Daten gegen das Datenschutzrecht verst\u00f6\u00dft oder Ihre datenschutzrechtlichen Anspr\u00fcche sonst in einer Weise verletzt worden sind, k\u00f6nnen Sie sich bei der Aufsichtsbeh\u00f6rde beschweren. In \u00d6sterreich ist dies die Datenschutzbeh\u00f6rde.<\/p>\n<p><strong>Sie erreichen uns unter folgenden Kontaktdaten:<\/strong><\/p>\n<p>Christoph Groppenberger &#8211; Fotograf + Kameramann<br \/>\nGleispachgasse 1<br \/>\nA-8045 Graz<br \/>\nEmail: me@christoph-groppenberger.com<\/p>\n<\/div>\n<\/div>\n<\/div>\n<\/div>\n<\/div>\n<\/div>\n<\/div>\n<\/div>\n","protected":false},"excerpt":{"rendered":"<p>Erkl\u00e4rung zur Informationspflicht (Datenschutzerkl\u00e4rung) Der Schutz Ihrer pers\u00f6nlichen Daten ist uns ein besonderes Anliegen. Wir verarbeiten Ihre Daten daher ausschlie\u00dflich auf Grundlage der gesetzlichen Bestimmungen (DSGVO, TKG 2003). In diesen Datenschutzinformationen informieren wir Sie \u00fcber die wichtigsten Aspekte der Datenverarbeitung im Rahmen unserer Website. Zugriffsdaten und Server-Logfiles: Der Provider erhebt Daten \u00fcber jeden Zugriff auf die Website, sogenannte Server-Logfiles. Zu diesen Daten geh\u00f6ren: verwendeter Browser, Betriebssystem, Verweisseite, IP-Adresse, Uhrzeit des Zugriffs usw. Diese Daten werden nur zu statistischen Auswertungen verwendet und k\u00f6nnen ohne Pr\u00fcfung weiterer Datenquellen keiner bestimmten Person zugeordnet werden. Sofern keine rechtswidrige Nutzung der Website vorliegt, werden diese Daten nicht weiter ausgewertet. Umgang mit personenbezogenen Daten: Personenbezogene Daten sind Informationen, mit denen eine Person bestimmbar und zur\u00fcckverfolgbar ist wie zum Beispiel Name, Email-Adresse oder Telefonnummer. Auch Daten \u00fcber Hobbies, Mitgliedschaften, Vorlieben etc. werden darunter verstanden. Personenbezogene Daten werden auf dieser Website nur zum jeweils angegebenen Zweck erhoben und..<\/p>\n","protected":false},"author":1,"featured_media":0,"parent":0,"menu_order":0,"comment_status":"closed","ping_status":"open","template":"single-proof_gallery.php","meta":{"footnotes":""},"yoast_head":"<!-- This site is optimized with the Yoast SEO plugin v22.5 - https:\/\/yoast.com\/wordpress\/plugins\/seo\/ -->\n<title>Datenschutzerklaerung - Bilder der Erde - Christoph Groppenberger - Fotograf + Kameramann Graz Steiermark \u00d6sterreich<\/title>\n<meta name=\"robots\" content=\"index, follow, max-snippet:-1, max-image-preview:large, max-video-preview:-1\" \/>\n<meta property=\"og:locale\" content=\"de_DE\" \/>\n<meta property=\"og:type\" content=\"article\" \/>\n<meta property=\"og:title\" content=\"Datenschutzerklaerung - Bilder der Erde - Christoph Groppenberger - Fotograf + Kameramann Graz Steiermark \u00d6sterreich\" \/>\n<meta property=\"og:description\" content=\"Erkl\u00e4rung zur Informationspflicht (Datenschutzerkl\u00e4rung) Der Schutz Ihrer pers\u00f6nlichen Daten ist uns ein besonderes Anliegen. Wir verarbeiten Ihre Daten daher ausschlie\u00dflich auf Grundlage der gesetzlichen Bestimmungen (DSGVO, TKG 2003). In diesen Datenschutzinformationen informieren wir Sie \u00fcber die wichtigsten Aspekte der Datenverarbeitung im Rahmen unserer Website. Zugriffsdaten und Server-Logfiles: Der Provider erhebt Daten \u00fcber jeden Zugriff auf die Website, sogenannte Server-Logfiles. Zu diesen Daten geh\u00f6ren: verwendeter Browser, Betriebssystem, Verweisseite, IP-Adresse, Uhrzeit des Zugriffs usw. Diese Daten werden nur zu statistischen Auswertungen verwendet und k\u00f6nnen ohne Pr\u00fcfung weiterer Datenquellen keiner bestimmten Person zugeordnet werden. Sofern keine rechtswidrige Nutzung der Website vorliegt, werden diese Daten nicht weiter ausgewertet. Umgang mit personenbezogenen Daten: Personenbezogene Daten sind Informationen, mit denen eine Person bestimmbar und zur\u00fcckverfolgbar ist wie zum Beispiel Name, Email-Adresse oder Telefonnummer. Auch Daten \u00fcber Hobbies, Mitgliedschaften, Vorlieben etc. werden darunter verstanden. Personenbezogene Daten werden auf dieser Website nur zum jeweils angegebenen Zweck erhoben und..\" \/>\n<meta property=\"og:url\" content=\"https:\/\/christoph-groppenberger.com\/de\/datenschutzerklaerung\/\" \/>\n<meta property=\"og:site_name\" content=\"Bilder der Erde - Christoph Groppenberger - Fotograf + Kameramann Graz Steiermark \u00d6sterreich\" \/>\n<meta property=\"article:publisher\" content=\"https:\/\/www.facebook.com\/christoph.groppenberger.photographer\" \/>\n<meta property=\"article:modified_time\" content=\"2024-08-02T14:59:53+00:00\" \/>\n<meta name=\"twitter:card\" content=\"summary_large_image\" \/>\n<meta name=\"twitter:site\" content=\"@ChGroppenberger\" \/>\n<meta name=\"twitter:label1\" content=\"Gesch\u00e4tzte Lesezeit\" \/>\n\t<meta name=\"twitter:data1\" content=\"5\u00a0Minuten\" \/>\n<script type=\"application\/ld+json\" class=\"yoast-schema-graph\">{\"@context\":\"https:\/\/schema.org\",\"@graph\":[{\"@type\":\"WebPage\",\"@id\":\"https:\/\/christoph-groppenberger.com\/de\/datenschutzerklaerung\/\",\"url\":\"https:\/\/christoph-groppenberger.com\/de\/datenschutzerklaerung\/\",\"name\":\"Datenschutzerklaerung - Bilder der Erde - Christoph Groppenberger - Fotograf + Kameramann Graz Steiermark \u00d6sterreich\",\"isPartOf\":{\"@id\":\"https:\/\/christoph-groppenberger.com\/de\/#website\"},\"datePublished\":\"2019-04-24T12:33:29+00:00\",\"dateModified\":\"2024-08-02T14:59:53+00:00\",\"breadcrumb\":{\"@id\":\"https:\/\/christoph-groppenberger.com\/de\/datenschutzerklaerung\/#breadcrumb\"},\"inLanguage\":\"de\",\"potentialAction\":[{\"@type\":\"ReadAction\",\"target\":[\"https:\/\/christoph-groppenberger.com\/de\/datenschutzerklaerung\/\"]}]},{\"@type\":\"BreadcrumbList\",\"@id\":\"https:\/\/christoph-groppenberger.com\/de\/datenschutzerklaerung\/#breadcrumb\",\"itemListElement\":[{\"@type\":\"ListItem\",\"position\":1,\"name\":\"Home\",\"item\":\"https:\/\/christoph-groppenberger.com\/de\/\"},{\"@type\":\"ListItem\",\"position\":2,\"name\":\"Datenschutzerklaerung\"}]},{\"@type\":\"WebSite\",\"@id\":\"https:\/\/christoph-groppenberger.com\/de\/#website\",\"url\":\"https:\/\/christoph-groppenberger.com\/de\/\",\"name\":\"Bilder der Erde - Christoph Groppenberger - Fotograf + Kameramann Graz Steiermark \u00d6sterreich\",\"description\":\"Fotograf Graz, Naturfotograf \u00d6sterreich, Dokumentarfotograf, Naturfilm, Dokumentarfilm, Outdoorfoto, Onlineshop\",\"potentialAction\":[{\"@type\":\"SearchAction\",\"target\":{\"@type\":\"EntryPoint\",\"urlTemplate\":\"https:\/\/christoph-groppenberger.com\/de\/?s={search_term_string}\"},\"query-input\":\"required name=search_term_string\"}],\"inLanguage\":\"de\"}]}<\/script>\n<!-- \/ Yoast SEO plugin. -->","yoast_head_json":{"title":"Datenschutzerklaerung - Bilder der Erde - Christoph Groppenberger - Fotograf + Kameramann Graz Steiermark \u00d6sterreich","robots":{"index":"index","follow":"follow","max-snippet":"max-snippet:-1","max-image-preview":"max-image-preview:large","max-video-preview":"max-video-preview:-1"},"og_locale":"de_DE","og_type":"article","og_title":"Datenschutzerklaerung - Bilder der Erde - Christoph Groppenberger - Fotograf + Kameramann Graz Steiermark \u00d6sterreich","og_description":"Erkl\u00e4rung zur Informationspflicht (Datenschutzerkl\u00e4rung) Der Schutz Ihrer pers\u00f6nlichen Daten ist uns ein besonderes Anliegen. Wir verarbeiten Ihre Daten daher ausschlie\u00dflich auf Grundlage der gesetzlichen Bestimmungen (DSGVO, TKG 2003). In diesen Datenschutzinformationen informieren wir Sie \u00fcber die wichtigsten Aspekte der Datenverarbeitung im Rahmen unserer Website. Zugriffsdaten und Server-Logfiles: Der Provider erhebt Daten \u00fcber jeden Zugriff auf die Website, sogenannte Server-Logfiles. Zu diesen Daten geh\u00f6ren: verwendeter Browser, Betriebssystem, Verweisseite, IP-Adresse, Uhrzeit des Zugriffs usw. Diese Daten werden nur zu statistischen Auswertungen verwendet und k\u00f6nnen ohne Pr\u00fcfung weiterer Datenquellen keiner bestimmten Person zugeordnet werden. Sofern keine rechtswidrige Nutzung der Website vorliegt, werden diese Daten nicht weiter ausgewertet. Umgang mit personenbezogenen Daten: Personenbezogene Daten sind Informationen, mit denen eine Person bestimmbar und zur\u00fcckverfolgbar ist wie zum Beispiel Name, Email-Adresse oder Telefonnummer. Auch Daten \u00fcber Hobbies, Mitgliedschaften, Vorlieben etc. werden darunter verstanden. Personenbezogene Daten werden auf dieser Website nur zum jeweils angegebenen Zweck erhoben und..","og_url":"https:\/\/christoph-groppenberger.com\/de\/datenschutzerklaerung\/","og_site_name":"Bilder der Erde - Christoph Groppenberger - Fotograf + Kameramann Graz Steiermark \u00d6sterreich","article_publisher":"https:\/\/www.facebook.com\/christoph.groppenberger.photographer","article_modified_time":"2024-08-02T14:59:53+00:00","twitter_card":"summary_large_image","twitter_site":"@ChGroppenberger","twitter_misc":{"Gesch\u00e4tzte Lesezeit":"5\u00a0Minuten"},"schema":{"@context":"https:\/\/schema.org","@graph":[{"@type":"WebPage","@id":"https:\/\/christoph-groppenberger.com\/de\/datenschutzerklaerung\/","url":"https:\/\/christoph-groppenberger.com\/de\/datenschutzerklaerung\/","name":"Datenschutzerklaerung - Bilder der Erde - Christoph Groppenberger - Fotograf + Kameramann Graz Steiermark \u00d6sterreich","isPartOf":{"@id":"https:\/\/christoph-groppenberger.com\/de\/#website"},"datePublished":"2019-04-24T12:33:29+00:00","dateModified":"2024-08-02T14:59:53+00:00","breadcrumb":{"@id":"https:\/\/christoph-groppenberger.com\/de\/datenschutzerklaerung\/#breadcrumb"},"inLanguage":"de","potentialAction":[{"@type":"ReadAction","target":["https:\/\/christoph-groppenberger.com\/de\/datenschutzerklaerung\/"]}]},{"@type":"BreadcrumbList","@id":"https:\/\/christoph-groppenberger.com\/de\/datenschutzerklaerung\/#breadcrumb","itemListElement":[{"@type":"ListItem","position":1,"name":"Home","item":"https:\/\/christoph-groppenberger.com\/de\/"},{"@type":"ListItem","position":2,"name":"Datenschutzerklaerung"}]},{"@type":"WebSite","@id":"https:\/\/christoph-groppenberger.com\/de\/#website","url":"https:\/\/christoph-groppenberger.com\/de\/","name":"Bilder der Erde - Christoph Groppenberger - Fotograf + Kameramann Graz Steiermark \u00d6sterreich","description":"Fotograf Graz, Naturfotograf \u00d6sterreich, Dokumentarfotograf, Naturfilm, Dokumentarfilm, Outdoorfoto, Onlineshop","potentialAction":[{"@type":"SearchAction","target":{"@type":"EntryPoint","urlTemplate":"https:\/\/christoph-groppenberger.com\/de\/?s={search_term_string}"},"query-input":"required name=search_term_string"}],"inLanguage":"de"}]}},"_links":{"self":[{"href":"https:\/\/christoph-groppenberger.com\/de\/wp-json\/wp\/v2\/pages\/1724"}],"collection":[{"href":"https:\/\/christoph-groppenberger.com\/de\/wp-json\/wp\/v2\/pages"}],"about":[{"href":"https:\/\/christoph-groppenberger.com\/de\/wp-json\/wp\/v2\/types\/page"}],"author":[{"embeddable":true,"href":"https:\/\/christoph-groppenberger.com\/de\/wp-json\/wp\/v2\/users\/1"}],"replies":[{"embeddable":true,"href":"https:\/\/christoph-groppenberger.com\/de\/wp-json\/wp\/v2\/comments?post=1724"}],"version-history":[{"count":4,"href":"https:\/\/christoph-groppenberger.com\/de\/wp-json\/wp\/v2\/pages\/1724\/revisions"}],"predecessor-version":[{"id":1767,"href":"https:\/\/christoph-groppenberger.com\/de\/wp-json\/wp\/v2\/pages\/1724\/revisions\/1767"}],"wp:attachment":[{"href":"https:\/\/christoph-groppenberger.com\/de\/wp-json\/wp\/v2\/media?parent=1724"}],"curies":[{"name":"wp","href":"https:\/\/api.w.org\/{rel}","templated":true}]}}