{"id":476,"date":"2014-07-18T12:14:14","date_gmt":"2014-07-18T10:14:14","guid":{"rendered":"http:\/\/christoph-groppenberger.com\/de\/?page_id=476"},"modified":"2014-08-11T12:07:32","modified_gmt":"2014-08-11T10:07:32","slug":"agb","status":"publish","type":"page","link":"https:\/\/christoph-groppenberger.com\/de\/agb\/","title":{"rendered":"AGB-Allgemeine Gesch\u00e4ftsbedingungen und Widerrufsrecht Onlineshop Stockimages"},"content":{"rendered":"<h2><strong>Allgemeine Gesch\u00e4ftsbedingungen \/ Onlineshop &#8211; Stockimages Verkauf<br \/>\n<\/strong><\/h2>\n<p><strong>\u00a7 1 Allgemeine Bestimmungen<\/strong><br \/>\n(1) Alle Vertr\u00e4ge mit christoph-groppenberger.com kommen ausschlie\u00dflich zustande auf der Grundlage dieser Gesch\u00e4ftsbedingungen in ihrer zum Zeitpunkt der Bestellung g\u00fcltigen Fassung.<br \/>\n(2) Bestimmungen, die von diesen Bedingungen abweichen, bed\u00fcrfen der schriftlichen Vereinbarung bzw. der schriftlichen Best\u00e4tigung von christoph-groppenberger.com. Von diesen Gesch\u00e4ftsbedingungen abweichende Regelungen werden hiermit ausdr\u00fccklich zur\u00fcckgewiesen.<br \/>\n(3) Im kaufm\u00e4nnischen Verkehr gelten die Allgemeinen Gesch\u00e4ftsbedingungen auch f\u00fcr alle k\u00fcnftigen Gesch\u00e4ftsbedingungen, auch wenn Sie nicht nochmals ausdr\u00fccklich vereinbart werden. M\u00fcndlich, fernm\u00fcndlich oder elektronisch erteilte Auftr\u00e4ge nehmen wir nur unter Einbeziehung unserer jeweils geltenden AGB an.<\/p>\n<p><strong>\u00a7 2 Vertragsschluss<\/strong><br \/>\n(1) Die Angebote von christoph-groppenberger.com auf seiner Internetseite stellen eine unverbindliche Aufforderung an den Kunden dar, bei christoph-groppenberger.com Waren zu bestellen.<br \/>\n(2) Das verbindliche Angebot des Kunden auf Abschluss des beabsichtigten Vertrages besteht im Anklicken des Bestellbuttons. Das Angebot wird mit Zusendung einer Bestellbest\u00e4tigung angenommen.<\/p>\n<p><strong>\u00a7 3 Bilder aus Bildkatalog<\/strong><br \/>\n(1) Die Bilder aus dem Bildkatalog der Website stammen ausschlie\u00dflich von Christoph Groppenberger \u2013 Fotograf + Kamermann. Dabei gelten folgende Bildnutzungsbedingungen: Es ist untersagt, die digitalen Bilder ohne Zustimmung von christoph-groppenberger.com in jeglicher Form zu verwenden, weder privat, noch kommerziell.<br \/>\n(2) Ohne Zustimmung von christoph-groppenberger.com d\u00fcrfen die fertigen Drucke in keiner Form vervielf\u00e4ltigt werden. Der Weiterverkauf des fertigen Drucks ist gestattet.<\/p>\n<p><strong>\u00a7 4 Preise<\/strong><br \/>\n(1) Alle genannten Preise verstehen sich inklusive der jeweils g\u00fcltigen gesetzlichen Mehrwertsteuer ohne Kosten f\u00fcr Verpackung und Versand.<br \/>\n(2) Kosten f\u00fcr Verpackung und Versand (Versandkosten) werden gesondert in Rechnung gestellt und k\u00f6nnen \u00fcber den Button \u201eLieferkosten berechnen\u201c vor dem Bestellvorgang berechnet werden.<br \/>\n(3) Ma\u00dfgeblich sind nur die zum Zeitpunkt der Bestellung genannten Preise und Versandkosten.<\/p>\n<p><strong>\u00a7 5 Zahlungsbedingungen<\/strong><br \/>\n(1) Lieferungen von christoph-groppenberger.com erfolgen gegen Vorauskasse. Die Bezahlung per Vorauskasse erfolgt durch die \u00dcberweisung des f\u00e4lligen Betrages auf ein Konto von christoph-groppenberger.com, mittels Kreditkartenzahlung oder PayPal. Der Auftrag wird nicht vor Eingang des Betrages ausgef\u00fchrt.<br \/>\n(2) Ist nicht innerhalb von 14 Tagen nach Vertragsschluss gem. \u00a7 2 dieser AGB ein Geldeingang auf dem in der Auftragsbest\u00e4tigung angegebenen Konto zu verzeichnen, so steht christoph-groppenberger.com das Recht zu, die Bestellung zu stornieren und vom Vertrag zur\u00fcckzutreten.<\/p>\n<p><strong>\u00a7 6 Aufrechnungsverbot, Zur\u00fcckbehaltungsrechte<\/strong><br \/>\n(1) Der Kunde ist nicht berechtigt, mit eigenen Anspr\u00fcchen gegen Zahlungsanspr\u00fcche von christoph-groppenberger.com aufzurechnen, es sei denn, die Forderungen des Kunden sind unstreitig oder rechtskr\u00e4ftig festgestellt.<br \/>\n(2) Der Kunde ist nicht berechtigt, Zahlungsanspr\u00fcchen von christoph-groppenberger.com Rechte auf Zur\u00fcckbehaltung \u2013 auch aus Mangelr\u00fcgen \u2013 entgegenzuhalten, es sei denn, sie resultieren aus demselben Vertragsverh\u00e4ltnis.<\/p>\n<p><strong>\u00a7 7 Widerrufsrecht<\/strong><br \/>\nDie bei christoph-groppenberger.com bestellten Waren sind nach Kundenspezifikation angefertigt oder eindeutig auf die pers\u00f6nlichen Bed\u00fcrfnisse des Kunden zugeschnitten. Ein Widerrufsrecht besteht somit bei der Bestellung von Drucken nicht.<\/p>\n<p><strong>\u00a7 8 Lieferbedingungen<\/strong><br \/>\n(1) Die Lieferung erfolgt durch Versendung an die vom Kunden mitgeteilte Lieferadresse zu den auf der Website erl\u00e4uterten Bedingungen.<br \/>\n(2) Die Lieferzeit betr\u00e4gt max. 14 Tage. Jede Lieferung steht unter dem Vorbehalt, dass christoph-groppenberger.com selbst rechtzeitig und ordnungsgem\u00e4\u00df beliefert wird.<br \/>\n(3) christoph-groppenberger.com ist zu Teillieferungen berechtigt. Lieferverzug von christoph-groppenberger.com berechtigt den Besteller nicht zu Schadensersatzanspr\u00fcchen, es sei denn, bei christoph-groppenberger.com liegt Vorsatz oder grobe Fahrl\u00e4ssigkeit vor.<br \/>\n(4) Beruhen Verz\u00f6gerungen der Lieferung auf Gr\u00fcnden, die christoph-groppenberger.com nicht zu vertreten hat (z. B. h\u00f6here Gewalt, Verschulden Dritter usw.), so wird die Frist angemessen verl\u00e4ngert. Der Kunde wird hiervon unverz\u00fcglich unterrichtet. Dauern die Ursachen der Verz\u00f6gerung l\u00e4nger als vier Wochen nach Vertragsschluss an, ist jede Partei berechtigt, vom Vertrag zur\u00fcckzutreten.<\/p>\n<p><strong>\u00a7 9 Haftung, Gew\u00e4hrleistung<\/strong><br \/>\n(1) christoph-groppenberger.com haftet mit Ausnahme der Verletzung von Leben, K\u00f6rper und Gesundheit und der Verletzung wesentlicher Vertragspflichten (Kardinalpflichten) nur f\u00fcr Sch\u00e4den, die auf einem vors\u00e4tzlichen oder grob fahrl\u00e4ssigen Verhalten zur\u00fcckzuf\u00fchren sind. Dies gilt auch f\u00fcr mittelbare Folgesch\u00e4den wie insbesondere entgangenen Gewinn. Anspr\u00fcche f\u00fcr eine Haftung aufgrund des Produkthaftungsgesetzes bleiben unber\u00fchrt.<br \/>\n(2) Bei Druckerzeugnissen sind \u2013 herstellungs- und drucktechnisch bedingt \u2013 geringf\u00fcgige Abweichungen im Farbton, in den Abmessungen und im Format sowie in der Material- und Oberfl\u00e4chenqualit\u00e4t nicht vermeidbar. Derartige Abweichungen berechtigen nicht zur M\u00e4ngelr\u00fcge. Ein Sachmangel liegt nicht vor, wenn die gelieferte Qualit\u00e4t dem technischen Standard digitaler Fotoentwicklung und -bearbeitung entspricht. Eine besondere Beschaffenheit der zu liefernden Ware wird nicht vereinbart.<br \/>\n(3) Liegt ein Mangel an der bestellten Ware vor, ist christoph-groppenberger.com zur M\u00e4ngelbeseitigung oder zur Ersatzlieferung verpflichtet. Kommt christoph-groppenberger.com der Nacherf\u00fcllungspflicht nicht innerhalb einer Frist von 14 Tagen nach oder schlagen zwei Nachbesserungsversuche fehl, steht dem Kunden das Recht des R\u00fccktritts vom Vertrag, der Kaufpreisminderung, des Schadensersatzes und des Ersatzes vergeblicher Aufwendungen zu.<\/p>\n<p><strong>\u00a7 10 Schlussbestimmungen<\/strong><br \/>\n(1) Ausschlie\u00dflicher Gerichtsstand f\u00fcr alle Streitigkeiten aus diesem Vertrag ist, wenn der Kunde Kaufmann, juristische Person des \u00f6ffentlichen Rechts oder \u00f6ffentlich-rechtliches Sonderverm\u00f6gen ist, Graz. Gleiches gilt, wenn ein Kunde keinen allgemeinen Gerichtsstand im Inland hat, ein Kunde nach Vertragsabschluss seinen Wohnsitz oder gew\u00f6hnlichen Aufenthalt in das Ausland verlegt hat oder sein Wohnsitz oder gew\u00f6hnlicher Aufenthaltsort zum Zeitpunkt der Klageerhebung unbekannt ist. christoph-groppenberger.com ist dar\u00fcber hinaus berechtigt, den Kunden an seinem allgemeinen Gerichtsstand zu verklagen.<br \/>\n(2) F\u00fcr die von christoph-groppenberger.com auf der Grundlage dieser Allgemeinen Gesch\u00e4ftsbedingungen abgeschlossenen Vertr\u00e4ge und f\u00fcr aus ihnen folgende Anspr\u00fcche gleich welcher Art gilt ausschlie\u00dflich das \u00f6sterreichische Recht.<\/p>\n<hr class=\"pixcode  pixcode--separator  separator separator--dotted\"\/>\n<h2><strong><b>Widerrufsrecht<\/b><\/strong><\/h2>\n<p>Da all unsere Drucke genau auf die W\u00fcnsche unserer Kunden zugeschnitten sind und erst nach Angabe der Kundenspezifikationen angefertigt werden, k\u00f6nnen wir kein R\u00fccktrittsrecht gew\u00e4hren.<\/p>\n<p>&nbsp;<\/p>\n","protected":false},"excerpt":{"rendered":"<p>Allgemeine Gesch\u00e4ftsbedingungen \/ Onlineshop &#8211; Stockimages Verkauf \u00a7 1 Allgemeine Bestimmungen (1) Alle Vertr\u00e4ge mit christoph-groppenberger.com kommen ausschlie\u00dflich zustande auf der Grundlage dieser Gesch\u00e4ftsbedingungen in ihrer zum Zeitpunkt der Bestellung g\u00fcltigen Fassung. (2) Bestimmungen, die von diesen Bedingungen abweichen, bed\u00fcrfen der schriftlichen Vereinbarung bzw. der schriftlichen Best\u00e4tigung von christoph-groppenberger.com. Von diesen Gesch\u00e4ftsbedingungen abweichende Regelungen werden hiermit ausdr\u00fccklich zur\u00fcckgewiesen. (3) Im kaufm\u00e4nnischen Verkehr gelten die Allgemeinen Gesch\u00e4ftsbedingungen auch f\u00fcr alle k\u00fcnftigen Gesch\u00e4ftsbedingungen, auch wenn Sie nicht nochmals ausdr\u00fccklich vereinbart werden. M\u00fcndlich, fernm\u00fcndlich oder elektronisch erteilte Auftr\u00e4ge nehmen wir nur unter Einbeziehung unserer jeweils geltenden AGB an. \u00a7 2 Vertragsschluss (1) Die Angebote von christoph-groppenberger.com auf seiner Internetseite stellen eine unverbindliche Aufforderung an den Kunden dar, bei christoph-groppenberger.com Waren zu bestellen. (2) Das verbindliche Angebot des Kunden auf Abschluss des beabsichtigten Vertrages besteht im Anklicken des Bestellbuttons. Das Angebot wird mit Zusendung einer Bestellbest\u00e4tigung angenommen. \u00a7 3 Bilder aus Bildkatalog (1) Die..<\/p>\n","protected":false},"author":1,"featured_media":0,"parent":0,"menu_order":0,"comment_status":"closed","ping_status":"open","template":"page-full-width.php","meta":{"footnotes":""},"yoast_head":"<!-- This site is optimized with the Yoast SEO plugin v22.5 - https:\/\/yoast.com\/wordpress\/plugins\/seo\/ -->\n<title>AGB Onlineshop\/Stockimages<\/title>\n<meta name=\"robots\" content=\"index, follow, max-snippet:-1, max-image-preview:large, max-video-preview:-1\" \/>\n<meta property=\"og:locale\" content=\"de_DE\" \/>\n<meta property=\"og:type\" content=\"article\" \/>\n<meta property=\"og:title\" content=\"AGB Onlineshop\/Stockimages\" \/>\n<meta property=\"og:description\" content=\"Allgemeine Gesch\u00e4ftsbedingungen \/ Onlineshop &#8211; Stockimages Verkauf \u00a7 1 Allgemeine Bestimmungen (1) Alle Vertr\u00e4ge mit christoph-groppenberger.com kommen ausschlie\u00dflich zustande auf der Grundlage dieser Gesch\u00e4ftsbedingungen in ihrer zum Zeitpunkt der Bestellung g\u00fcltigen Fassung. (2) Bestimmungen, die von diesen Bedingungen abweichen, bed\u00fcrfen der schriftlichen Vereinbarung bzw. der schriftlichen Best\u00e4tigung von christoph-groppenberger.com. Von diesen Gesch\u00e4ftsbedingungen abweichende Regelungen werden hiermit ausdr\u00fccklich zur\u00fcckgewiesen. (3) Im kaufm\u00e4nnischen Verkehr gelten die Allgemeinen Gesch\u00e4ftsbedingungen auch f\u00fcr alle k\u00fcnftigen Gesch\u00e4ftsbedingungen, auch wenn Sie nicht nochmals ausdr\u00fccklich vereinbart werden. M\u00fcndlich, fernm\u00fcndlich oder elektronisch erteilte Auftr\u00e4ge nehmen wir nur unter Einbeziehung unserer jeweils geltenden AGB an. \u00a7 2 Vertragsschluss (1) Die Angebote von christoph-groppenberger.com auf seiner Internetseite stellen eine unverbindliche Aufforderung an den Kunden dar, bei christoph-groppenberger.com Waren zu bestellen. (2) Das verbindliche Angebot des Kunden auf Abschluss des beabsichtigten Vertrages besteht im Anklicken des Bestellbuttons. Das Angebot wird mit Zusendung einer Bestellbest\u00e4tigung angenommen. \u00a7 3 Bilder aus Bildkatalog (1) Die..\" \/>\n<meta property=\"og:url\" content=\"https:\/\/christoph-groppenberger.com\/de\/agb\/\" \/>\n<meta property=\"og:site_name\" content=\"Bilder der Erde - Christoph Groppenberger - Fotograf + Kameramann Graz Steiermark \u00d6sterreich\" \/>\n<meta property=\"article:publisher\" content=\"https:\/\/www.facebook.com\/christoph.groppenberger.photographer\" \/>\n<meta property=\"article:modified_time\" content=\"2014-08-11T10:07:32+00:00\" \/>\n<meta name=\"twitter:card\" content=\"summary_large_image\" \/>\n<meta name=\"twitter:site\" content=\"@ChGroppenberger\" \/>\n<meta name=\"twitter:label1\" content=\"Gesch\u00e4tzte Lesezeit\" \/>\n\t<meta name=\"twitter:data1\" content=\"5\u00a0Minuten\" \/>\n<script type=\"application\/ld+json\" class=\"yoast-schema-graph\">{\"@context\":\"https:\/\/schema.org\",\"@graph\":[{\"@type\":\"WebPage\",\"@id\":\"https:\/\/christoph-groppenberger.com\/de\/agb\/\",\"url\":\"https:\/\/christoph-groppenberger.com\/de\/agb\/\",\"name\":\"AGB Onlineshop\/Stockimages\",\"isPartOf\":{\"@id\":\"https:\/\/christoph-groppenberger.com\/de\/#website\"},\"datePublished\":\"2014-07-18T10:14:14+00:00\",\"dateModified\":\"2014-08-11T10:07:32+00:00\",\"breadcrumb\":{\"@id\":\"https:\/\/christoph-groppenberger.com\/de\/agb\/#breadcrumb\"},\"inLanguage\":\"de\",\"potentialAction\":[{\"@type\":\"ReadAction\",\"target\":[\"https:\/\/christoph-groppenberger.com\/de\/agb\/\"]}]},{\"@type\":\"BreadcrumbList\",\"@id\":\"https:\/\/christoph-groppenberger.com\/de\/agb\/#breadcrumb\",\"itemListElement\":[{\"@type\":\"ListItem\",\"position\":1,\"name\":\"Home\",\"item\":\"https:\/\/christoph-groppenberger.com\/de\/\"},{\"@type\":\"ListItem\",\"position\":2,\"name\":\"AGB-Allgemeine Gesch\u00e4ftsbedingungen und Widerrufsrecht Onlineshop Stockimages\"}]},{\"@type\":\"WebSite\",\"@id\":\"https:\/\/christoph-groppenberger.com\/de\/#website\",\"url\":\"https:\/\/christoph-groppenberger.com\/de\/\",\"name\":\"Bilder der Erde - Christoph Groppenberger - Fotograf + Kameramann Graz Steiermark \u00d6sterreich\",\"description\":\"Fotograf Graz, Naturfotograf \u00d6sterreich, Dokumentarfotograf, Naturfilm, Dokumentarfilm, Outdoorfoto, Onlineshop\",\"potentialAction\":[{\"@type\":\"SearchAction\",\"target\":{\"@type\":\"EntryPoint\",\"urlTemplate\":\"https:\/\/christoph-groppenberger.com\/de\/?s={search_term_string}\"},\"query-input\":\"required name=search_term_string\"}],\"inLanguage\":\"de\"}]}<\/script>\n<!-- \/ Yoast SEO plugin. -->","yoast_head_json":{"title":"AGB Onlineshop\/Stockimages","robots":{"index":"index","follow":"follow","max-snippet":"max-snippet:-1","max-image-preview":"max-image-preview:large","max-video-preview":"max-video-preview:-1"},"og_locale":"de_DE","og_type":"article","og_title":"AGB Onlineshop\/Stockimages","og_description":"Allgemeine Gesch\u00e4ftsbedingungen \/ Onlineshop &#8211; Stockimages Verkauf \u00a7 1 Allgemeine Bestimmungen (1) Alle Vertr\u00e4ge mit christoph-groppenberger.com kommen ausschlie\u00dflich zustande auf der Grundlage dieser Gesch\u00e4ftsbedingungen in ihrer zum Zeitpunkt der Bestellung g\u00fcltigen Fassung. (2) Bestimmungen, die von diesen Bedingungen abweichen, bed\u00fcrfen der schriftlichen Vereinbarung bzw. der schriftlichen Best\u00e4tigung von christoph-groppenberger.com. Von diesen Gesch\u00e4ftsbedingungen abweichende Regelungen werden hiermit ausdr\u00fccklich zur\u00fcckgewiesen. (3) Im kaufm\u00e4nnischen Verkehr gelten die Allgemeinen Gesch\u00e4ftsbedingungen auch f\u00fcr alle k\u00fcnftigen Gesch\u00e4ftsbedingungen, auch wenn Sie nicht nochmals ausdr\u00fccklich vereinbart werden. M\u00fcndlich, fernm\u00fcndlich oder elektronisch erteilte Auftr\u00e4ge nehmen wir nur unter Einbeziehung unserer jeweils geltenden AGB an. \u00a7 2 Vertragsschluss (1) Die Angebote von christoph-groppenberger.com auf seiner Internetseite stellen eine unverbindliche Aufforderung an den Kunden dar, bei christoph-groppenberger.com Waren zu bestellen. (2) Das verbindliche Angebot des Kunden auf Abschluss des beabsichtigten Vertrages besteht im Anklicken des Bestellbuttons. Das Angebot wird mit Zusendung einer Bestellbest\u00e4tigung angenommen. \u00a7 3 Bilder aus Bildkatalog (1) Die..","og_url":"https:\/\/christoph-groppenberger.com\/de\/agb\/","og_site_name":"Bilder der Erde - Christoph Groppenberger - Fotograf + Kameramann Graz Steiermark \u00d6sterreich","article_publisher":"https:\/\/www.facebook.com\/christoph.groppenberger.photographer","article_modified_time":"2014-08-11T10:07:32+00:00","twitter_card":"summary_large_image","twitter_site":"@ChGroppenberger","twitter_misc":{"Gesch\u00e4tzte Lesezeit":"5\u00a0Minuten"},"schema":{"@context":"https:\/\/schema.org","@graph":[{"@type":"WebPage","@id":"https:\/\/christoph-groppenberger.com\/de\/agb\/","url":"https:\/\/christoph-groppenberger.com\/de\/agb\/","name":"AGB Onlineshop\/Stockimages","isPartOf":{"@id":"https:\/\/christoph-groppenberger.com\/de\/#website"},"datePublished":"2014-07-18T10:14:14+00:00","dateModified":"2014-08-11T10:07:32+00:00","breadcrumb":{"@id":"https:\/\/christoph-groppenberger.com\/de\/agb\/#breadcrumb"},"inLanguage":"de","potentialAction":[{"@type":"ReadAction","target":["https:\/\/christoph-groppenberger.com\/de\/agb\/"]}]},{"@type":"BreadcrumbList","@id":"https:\/\/christoph-groppenberger.com\/de\/agb\/#breadcrumb","itemListElement":[{"@type":"ListItem","position":1,"name":"Home","item":"https:\/\/christoph-groppenberger.com\/de\/"},{"@type":"ListItem","position":2,"name":"AGB-Allgemeine Gesch\u00e4ftsbedingungen und Widerrufsrecht Onlineshop Stockimages"}]},{"@type":"WebSite","@id":"https:\/\/christoph-groppenberger.com\/de\/#website","url":"https:\/\/christoph-groppenberger.com\/de\/","name":"Bilder der Erde - Christoph Groppenberger - Fotograf + Kameramann Graz Steiermark \u00d6sterreich","description":"Fotograf Graz, Naturfotograf \u00d6sterreich, Dokumentarfotograf, Naturfilm, Dokumentarfilm, Outdoorfoto, Onlineshop","potentialAction":[{"@type":"SearchAction","target":{"@type":"EntryPoint","urlTemplate":"https:\/\/christoph-groppenberger.com\/de\/?s={search_term_string}"},"query-input":"required name=search_term_string"}],"inLanguage":"de"}]}},"_links":{"self":[{"href":"https:\/\/christoph-groppenberger.com\/de\/wp-json\/wp\/v2\/pages\/476"}],"collection":[{"href":"https:\/\/christoph-groppenberger.com\/de\/wp-json\/wp\/v2\/pages"}],"about":[{"href":"https:\/\/christoph-groppenberger.com\/de\/wp-json\/wp\/v2\/types\/page"}],"author":[{"embeddable":true,"href":"https:\/\/christoph-groppenberger.com\/de\/wp-json\/wp\/v2\/users\/1"}],"replies":[{"embeddable":true,"href":"https:\/\/christoph-groppenberger.com\/de\/wp-json\/wp\/v2\/comments?post=476"}],"version-history":[{"count":12,"href":"https:\/\/christoph-groppenberger.com\/de\/wp-json\/wp\/v2\/pages\/476\/revisions"}],"predecessor-version":[{"id":1173,"href":"https:\/\/christoph-groppenberger.com\/de\/wp-json\/wp\/v2\/pages\/476\/revisions\/1173"}],"wp:attachment":[{"href":"https:\/\/christoph-groppenberger.com\/de\/wp-json\/wp\/v2\/media?parent=476"}],"curies":[{"name":"wp","href":"https:\/\/api.w.org\/{rel}","templated":true}]}}