{"id":533,"date":"2014-07-22T21:05:55","date_gmt":"2014-07-22T19:05:55","guid":{"rendered":"http:\/\/christoph-groppenberger.com\/de\/?page_id=533"},"modified":"2014-08-13T15:47:04","modified_gmt":"2014-08-13T13:47:04","slug":"fineart-prints-grossformatdruck-leinwanddruck","status":"publish","type":"page","link":"https:\/\/christoph-groppenberger.com\/de\/fineart-prints-grossformatdruck-leinwanddruck\/","title":{"rendered":"Gro\u00dfformatdrucke f\u00fcr Gesch\u00e4ftsr\u00e4ume, Hotels, Gewerbe, Messen, Wellnessbereiche"},"content":{"rendered":"<p><strong>Individuelle Gro\u00dfformatdrucke eignen sich perfekt f\u00fcr:<\/strong><\/p>\n<ul>\n<li>Ihre <strong>Gesch\u00e4ftsr\u00e4ume<\/strong>, Ihr <strong>Wartezimmer<\/strong>, Ihr <strong>B\u00fcro<\/strong><\/li>\n<li>die W\u00e4nde Ihres <strong>Restaurants<\/strong>, <strong>Lokals<\/strong>, <strong>Caf\u00e8s<\/strong><\/li>\n<li>die Gestaltung Ihres <strong>Hotels<\/strong> im Eingangsbereich und in den Zimmern<\/li>\n<li>die Versch\u00f6nerung Ihres <strong>Wellnessbereichs<\/strong> oder Ihrer <strong>Saunalandschaft<\/strong><\/li>\n<\/ul>\n<p>Mit unseren Bildern verleihen Sie Ihren R\u00e4umen ein besonderes Flair, damit sich Ihre G\u00e4ste und Kunden noch wohler f\u00fchlen. Auf Anfrage k\u00f6nnen auch andere Bilder aus der Galerie und zus\u00e4tzlich welche aus unserem Archiv zum Druck zur Verf\u00fcgung gestellt werden.<\/p>\n<p>Wir beraten Sie gerne pers\u00f6nlich \u00fcber Ihre M\u00f6glichkeiten und werden unser Bestes geben, um Ihre W\u00fcnsche in die Tat umzusetzen. Verwenden Sie daf\u00fcr einfach unser Kontaktformular am Ende dieser Seite.<\/p>\n<p>&nbsp;<\/p>\n<p><a href=\"http:\/\/christoph-groppenberger.com\/de\/wp-content\/uploads\/2014\/07\/showroom_christoph_groppenberger.jpg\"><img decoding=\"async\" class=\"alignnone wp-image-536 size-full\" src=\"http:\/\/christoph-groppenberger.com\/de\/wp-content\/uploads\/2014\/07\/showroom_christoph_groppenberger.jpg\" alt=\"showroom_Naturfotograf\" width=\"100%\" height=\"100%\" \/><\/a><\/p>\n<h1>Bildanfrage:<\/h1>\n<p class=\"wpcf7-contact-form-not-found\"><strong>Fehler:<\/strong> Kontaktformular wurde nicht gefunden.<\/p>\n","protected":false},"excerpt":{"rendered":"<p>Individuelle Gro\u00dfformatdrucke eignen sich perfekt f\u00fcr: Ihre Gesch\u00e4ftsr\u00e4ume, Ihr Wartezimmer, Ihr B\u00fcro die W\u00e4nde Ihres Restaurants, Lokals, Caf\u00e8s die Gestaltung Ihres Hotels im Eingangsbereich und in den Zimmern die Versch\u00f6nerung Ihres Wellnessbereichs oder Ihrer Saunalandschaft Mit unseren Bildern verleihen Sie Ihren R\u00e4umen ein besonderes Flair, damit sich Ihre G\u00e4ste und Kunden noch wohler f\u00fchlen. Auf Anfrage k\u00f6nnen auch andere Bilder aus der Galerie und zus\u00e4tzlich welche aus unserem Archiv zum Druck zur Verf\u00fcgung gestellt werden. Wir beraten Sie gerne pers\u00f6nlich \u00fcber Ihre M\u00f6glichkeiten und werden unser Bestes geben, um Ihre W\u00fcnsche in die Tat umzusetzen. Verwenden Sie daf\u00fcr einfach unser Kontaktformular am Ende dieser Seite. &nbsp; Bildanfrage:<\/p>\n","protected":false},"author":1,"featured_media":0,"parent":0,"menu_order":0,"comment_status":"closed","ping_status":"open","template":"page-full-width.php","meta":{"footnotes":""},"yoast_head":"<!-- This site is optimized with the Yoast SEO plugin v22.5 - https:\/\/yoast.com\/wordpress\/plugins\/seo\/ -->\n<title>Naturfotos f\u00fcr Hotel, Gewerbe, Gesch\u00e4ftsr\u00e4ume, Wellnessbereiche, Messen<\/title>\n<meta name=\"description\" content=\"Naturfotos, Landschaftsfotos, Gro\u00dfformatdrucke, Messest\u00e4nde, Wellnessbereiche, Naturfotos kaufen, Online kaufen, Landscapes, Landschaftsfotografien zum kaufen\" \/>\n<meta name=\"robots\" content=\"index, follow, max-snippet:-1, max-image-preview:large, max-video-preview:-1\" \/>\n<meta property=\"og:locale\" content=\"de_DE\" \/>\n<meta property=\"og:type\" content=\"article\" \/>\n<meta property=\"og:title\" content=\"Naturfotos f\u00fcr Hotel, Gewerbe, Gesch\u00e4ftsr\u00e4ume, Wellnessbereiche, Messen\" \/>\n<meta property=\"og:description\" content=\"Naturfotos, Landschaftsfotos, Gro\u00dfformatdrucke, Messest\u00e4nde, Wellnessbereiche, Naturfotos kaufen, Online kaufen, Landscapes, Landschaftsfotografien zum kaufen\" \/>\n<meta property=\"og:url\" content=\"https:\/\/christoph-groppenberger.com\/de\/fineart-prints-grossformatdruck-leinwanddruck\/\" \/>\n<meta property=\"og:site_name\" content=\"Bilder der Erde - Christoph Groppenberger - Fotograf + Kameramann Graz Steiermark \u00d6sterreich\" \/>\n<meta property=\"article:publisher\" content=\"https:\/\/www.facebook.com\/christoph.groppenberger.photographer\" \/>\n<meta property=\"article:modified_time\" content=\"2014-08-13T13:47:04+00:00\" \/>\n<meta property=\"og:image\" content=\"http:\/\/christoph-groppenberger.com\/de\/wp-content\/uploads\/2014\/07\/showroom_christoph_groppenberger.jpg\" \/>\n<meta name=\"twitter:card\" content=\"summary_large_image\" \/>\n<meta name=\"twitter:site\" content=\"@ChGroppenberger\" \/>\n<meta name=\"twitter:label1\" content=\"Gesch\u00e4tzte Lesezeit\" \/>\n\t<meta name=\"twitter:data1\" content=\"1\u00a0Minute\" \/>\n<script type=\"application\/ld+json\" class=\"yoast-schema-graph\">{\"@context\":\"https:\/\/schema.org\",\"@graph\":[{\"@type\":\"WebPage\",\"@id\":\"https:\/\/christoph-groppenberger.com\/de\/fineart-prints-grossformatdruck-leinwanddruck\/\",\"url\":\"https:\/\/christoph-groppenberger.com\/de\/fineart-prints-grossformatdruck-leinwanddruck\/\",\"name\":\"Naturfotos f\u00fcr Hotel, Gewerbe, Gesch\u00e4ftsr\u00e4ume, Wellnessbereiche, Messen\",\"isPartOf\":{\"@id\":\"https:\/\/christoph-groppenberger.com\/de\/#website\"},\"primaryImageOfPage\":{\"@id\":\"https:\/\/christoph-groppenberger.com\/de\/fineart-prints-grossformatdruck-leinwanddruck\/#primaryimage\"},\"image\":{\"@id\":\"https:\/\/christoph-groppenberger.com\/de\/fineart-prints-grossformatdruck-leinwanddruck\/#primaryimage\"},\"thumbnailUrl\":\"http:\/\/christoph-groppenberger.com\/de\/wp-content\/uploads\/2014\/07\/showroom_christoph_groppenberger.jpg\",\"datePublished\":\"2014-07-22T19:05:55+00:00\",\"dateModified\":\"2014-08-13T13:47:04+00:00\",\"description\":\"Naturfotos, Landschaftsfotos, Gro\u00dfformatdrucke, Messest\u00e4nde, Wellnessbereiche, Naturfotos kaufen, Online kaufen, Landscapes, Landschaftsfotografien zum kaufen\",\"breadcrumb\":{\"@id\":\"https:\/\/christoph-groppenberger.com\/de\/fineart-prints-grossformatdruck-leinwanddruck\/#breadcrumb\"},\"inLanguage\":\"de\",\"potentialAction\":[{\"@type\":\"ReadAction\",\"target\":[\"https:\/\/christoph-groppenberger.com\/de\/fineart-prints-grossformatdruck-leinwanddruck\/\"]}]},{\"@type\":\"ImageObject\",\"inLanguage\":\"de\",\"@id\":\"https:\/\/christoph-groppenberger.com\/de\/fineart-prints-grossformatdruck-leinwanddruck\/#primaryimage\",\"url\":\"https:\/\/christoph-groppenberger.com\/de\/wp-content\/uploads\/2014\/07\/showroom_christoph_groppenberger.jpg\",\"contentUrl\":\"https:\/\/christoph-groppenberger.com\/de\/wp-content\/uploads\/2014\/07\/showroom_christoph_groppenberger.jpg\",\"width\":1200,\"height\":514},{\"@type\":\"BreadcrumbList\",\"@id\":\"https:\/\/christoph-groppenberger.com\/de\/fineart-prints-grossformatdruck-leinwanddruck\/#breadcrumb\",\"itemListElement\":[{\"@type\":\"ListItem\",\"position\":1,\"name\":\"Home\",\"item\":\"https:\/\/christoph-groppenberger.com\/de\/\"},{\"@type\":\"ListItem\",\"position\":2,\"name\":\"Gro\u00dfformatdrucke f\u00fcr Gesch\u00e4ftsr\u00e4ume, Hotels, Gewerbe, Messen, Wellnessbereiche\"}]},{\"@type\":\"WebSite\",\"@id\":\"https:\/\/christoph-groppenberger.com\/de\/#website\",\"url\":\"https:\/\/christoph-groppenberger.com\/de\/\",\"name\":\"Bilder der Erde - Christoph Groppenberger - Fotograf + Kameramann Graz Steiermark \u00d6sterreich\",\"description\":\"Fotograf Graz, Naturfotograf \u00d6sterreich, Dokumentarfotograf, Naturfilm, Dokumentarfilm, Outdoorfoto, Onlineshop\",\"potentialAction\":[{\"@type\":\"SearchAction\",\"target\":{\"@type\":\"EntryPoint\",\"urlTemplate\":\"https:\/\/christoph-groppenberger.com\/de\/?s={search_term_string}\"},\"query-input\":\"required name=search_term_string\"}],\"inLanguage\":\"de\"}]}<\/script>\n<!-- \/ Yoast SEO plugin. -->","yoast_head_json":{"title":"Naturfotos f\u00fcr Hotel, Gewerbe, Gesch\u00e4ftsr\u00e4ume, Wellnessbereiche, Messen","description":"Naturfotos, Landschaftsfotos, Gro\u00dfformatdrucke, Messest\u00e4nde, Wellnessbereiche, Naturfotos kaufen, Online kaufen, Landscapes, Landschaftsfotografien zum kaufen","robots":{"index":"index","follow":"follow","max-snippet":"max-snippet:-1","max-image-preview":"max-image-preview:large","max-video-preview":"max-video-preview:-1"},"og_locale":"de_DE","og_type":"article","og_title":"Naturfotos f\u00fcr Hotel, Gewerbe, Gesch\u00e4ftsr\u00e4ume, Wellnessbereiche, Messen","og_description":"Naturfotos, Landschaftsfotos, Gro\u00dfformatdrucke, Messest\u00e4nde, Wellnessbereiche, Naturfotos kaufen, Online kaufen, Landscapes, Landschaftsfotografien zum kaufen","og_url":"https:\/\/christoph-groppenberger.com\/de\/fineart-prints-grossformatdruck-leinwanddruck\/","og_site_name":"Bilder der Erde - Christoph Groppenberger - Fotograf + Kameramann Graz Steiermark \u00d6sterreich","article_publisher":"https:\/\/www.facebook.com\/christoph.groppenberger.photographer","article_modified_time":"2014-08-13T13:47:04+00:00","og_image":[{"url":"http:\/\/christoph-groppenberger.com\/de\/wp-content\/uploads\/2014\/07\/showroom_christoph_groppenberger.jpg"}],"twitter_card":"summary_large_image","twitter_site":"@ChGroppenberger","twitter_misc":{"Gesch\u00e4tzte Lesezeit":"1\u00a0Minute"},"schema":{"@context":"https:\/\/schema.org","@graph":[{"@type":"WebPage","@id":"https:\/\/christoph-groppenberger.com\/de\/fineart-prints-grossformatdruck-leinwanddruck\/","url":"https:\/\/christoph-groppenberger.com\/de\/fineart-prints-grossformatdruck-leinwanddruck\/","name":"Naturfotos f\u00fcr Hotel, Gewerbe, Gesch\u00e4ftsr\u00e4ume, Wellnessbereiche, Messen","isPartOf":{"@id":"https:\/\/christoph-groppenberger.com\/de\/#website"},"primaryImageOfPage":{"@id":"https:\/\/christoph-groppenberger.com\/de\/fineart-prints-grossformatdruck-leinwanddruck\/#primaryimage"},"image":{"@id":"https:\/\/christoph-groppenberger.com\/de\/fineart-prints-grossformatdruck-leinwanddruck\/#primaryimage"},"thumbnailUrl":"http:\/\/christoph-groppenberger.com\/de\/wp-content\/uploads\/2014\/07\/showroom_christoph_groppenberger.jpg","datePublished":"2014-07-22T19:05:55+00:00","dateModified":"2014-08-13T13:47:04+00:00","description":"Naturfotos, Landschaftsfotos, Gro\u00dfformatdrucke, Messest\u00e4nde, Wellnessbereiche, Naturfotos kaufen, Online kaufen, Landscapes, Landschaftsfotografien zum kaufen","breadcrumb":{"@id":"https:\/\/christoph-groppenberger.com\/de\/fineart-prints-grossformatdruck-leinwanddruck\/#breadcrumb"},"inLanguage":"de","potentialAction":[{"@type":"ReadAction","target":["https:\/\/christoph-groppenberger.com\/de\/fineart-prints-grossformatdruck-leinwanddruck\/"]}]},{"@type":"ImageObject","inLanguage":"de","@id":"https:\/\/christoph-groppenberger.com\/de\/fineart-prints-grossformatdruck-leinwanddruck\/#primaryimage","url":"https:\/\/christoph-groppenberger.com\/de\/wp-content\/uploads\/2014\/07\/showroom_christoph_groppenberger.jpg","contentUrl":"https:\/\/christoph-groppenberger.com\/de\/wp-content\/uploads\/2014\/07\/showroom_christoph_groppenberger.jpg","width":1200,"height":514},{"@type":"BreadcrumbList","@id":"https:\/\/christoph-groppenberger.com\/de\/fineart-prints-grossformatdruck-leinwanddruck\/#breadcrumb","itemListElement":[{"@type":"ListItem","position":1,"name":"Home","item":"https:\/\/christoph-groppenberger.com\/de\/"},{"@type":"ListItem","position":2,"name":"Gro\u00dfformatdrucke f\u00fcr Gesch\u00e4ftsr\u00e4ume, Hotels, Gewerbe, Messen, Wellnessbereiche"}]},{"@type":"WebSite","@id":"https:\/\/christoph-groppenberger.com\/de\/#website","url":"https:\/\/christoph-groppenberger.com\/de\/","name":"Bilder der Erde - Christoph Groppenberger - Fotograf + Kameramann Graz Steiermark \u00d6sterreich","description":"Fotograf Graz, Naturfotograf \u00d6sterreich, Dokumentarfotograf, Naturfilm, Dokumentarfilm, Outdoorfoto, Onlineshop","potentialAction":[{"@type":"SearchAction","target":{"@type":"EntryPoint","urlTemplate":"https:\/\/christoph-groppenberger.com\/de\/?s={search_term_string}"},"query-input":"required name=search_term_string"}],"inLanguage":"de"}]}},"_links":{"self":[{"href":"https:\/\/christoph-groppenberger.com\/de\/wp-json\/wp\/v2\/pages\/533"}],"collection":[{"href":"https:\/\/christoph-groppenberger.com\/de\/wp-json\/wp\/v2\/pages"}],"about":[{"href":"https:\/\/christoph-groppenberger.com\/de\/wp-json\/wp\/v2\/types\/page"}],"author":[{"embeddable":true,"href":"https:\/\/christoph-groppenberger.com\/de\/wp-json\/wp\/v2\/users\/1"}],"replies":[{"embeddable":true,"href":"https:\/\/christoph-groppenberger.com\/de\/wp-json\/wp\/v2\/comments?post=533"}],"version-history":[{"count":51,"href":"https:\/\/christoph-groppenberger.com\/de\/wp-json\/wp\/v2\/pages\/533\/revisions"}],"predecessor-version":[{"id":1536,"href":"https:\/\/christoph-groppenberger.com\/de\/wp-json\/wp\/v2\/pages\/533\/revisions\/1536"}],"wp:attachment":[{"href":"https:\/\/christoph-groppenberger.com\/de\/wp-json\/wp\/v2\/media?parent=533"}],"curies":[{"name":"wp","href":"https:\/\/api.w.org\/{rel}","templated":true}]}}