{"id":843,"date":"2014-08-05T19:22:17","date_gmt":"2014-08-05T17:22:17","guid":{"rendered":"http:\/\/christoph-groppenberger.com\/de\/?page_id=843"},"modified":"2022-08-26T14:37:43","modified_gmt":"2022-08-26T12:37:43","slug":"ueber-mich","status":"publish","type":"page","link":"https:\/\/christoph-groppenberger.com\/de\/ueber-mich\/","title":{"rendered":"\u00dcber mich"},"content":{"rendered":"<div class=\"pixcode  pixcode--grid  grid  \">\n\n<div class=\"grid__item  eight-twelfths palm-one-whole \">\n\n<p>Seit meiner fr\u00fchen Jugend ist die Fotografie und der Film eine meiner gr\u00f6\u00dften Leidenschaften, die ich auch bald, unter anderem, zu meinem Beruf machen konnte. Seitdem habe ich viele Auftr\u00e4ge im Natur und Dokumentarbereich und in der Werbe- und Modebranche erfolgreich ausgef\u00fchrt.<\/p>\n<p>In der Naturfilmbranche habe ich als Kameraassistent und Zeitrafferspezialist angefangen und meine ersten Erfahrungen in den \u00f6sterreichischen Bergen gesammelt. Und heute z\u00e4hlen zu meinen filmischen Arbeiten, neben unz\u00e4hligen Werbe- und Imagevideos, mittlerweile mehrere international pr\u00e4mierte Naturdokumentationen in 2D und 3D bei denen ich mitarbeiten durfte.<\/p>\n<p>Fremde Orte und Kulturen sind f\u00fcr mich unglaublich inspirierend. Diese Diversit\u00e4t m\u00f6chte ich festhalten und den Menschen n\u00e4her bringen. Meine Reisen haben mich auch gelehrt, wie wichtig es ist, trotz der vielf\u00e4ltigen M\u00f6glichkeiten, die wir haben, nachhaltig zu leben und R\u00fccksicht auf unsere Natur zu nehmen. Deshalb ist es mir auch ein gro\u00dfes Anliegen, Menschen mit meinen Bildern zum Nachdenken anzuregen.<\/p>\n\n<\/div>\n\n<div class=\"grid__item  four-twelfths palm-one-whole \">\n\n<p><img loading=\"lazy\" decoding=\"async\" class=\"alignnone size-full wp-image-1302\" src=\"http:\/\/christoph-groppenberger.com\/de\/wp-content\/uploads\/2014\/08\/christoph-groppenberger.jpg\" alt=\"Christoph Groppenberger\" width=\"800\" height=\"640\" srcset=\"https:\/\/christoph-groppenberger.com\/de\/wp-content\/uploads\/2014\/08\/christoph-groppenberger.jpg 800w, https:\/\/christoph-groppenberger.com\/de\/wp-content\/uploads\/2014\/08\/christoph-groppenberger-300x240.jpg 300w, https:\/\/christoph-groppenberger.com\/de\/wp-content\/uploads\/2014\/08\/christoph-groppenberger-400x320.jpg 400w\" sizes=\"(max-width: 800px) 100vw, 800px\" \/><\/p>\n\n<\/div>\n\n\n<\/div>\n\n","protected":false},"excerpt":{"rendered":"","protected":false},"author":1,"featured_media":0,"parent":0,"menu_order":0,"comment_status":"closed","ping_status":"open","template":"page-full-width.php","meta":{"footnotes":""},"yoast_head":"<!-- This site is optimized with the Yoast SEO plugin v22.5 - https:\/\/yoast.com\/wordpress\/plugins\/seo\/ -->\n<title>\u00dcber mich - Bilder der Erde - Christoph Groppenberger - Fotograf + Kameramann Graz Steiermark \u00d6sterreich<\/title>\n<meta name=\"description\" content=\"Der Fotograf und Kameramann aus Graz, spezialisiert auf Naturfotografie und Naturfilm, Zeitrafferspezialist und Kameramann f\u00fcr Dokumentarfilm.\" \/>\n<meta name=\"robots\" content=\"index, follow, max-snippet:-1, max-image-preview:large, max-video-preview:-1\" \/>\n<meta property=\"og:locale\" content=\"de_DE\" \/>\n<meta property=\"og:type\" content=\"article\" \/>\n<meta property=\"og:title\" content=\"\u00dcber mich - Bilder der Erde - Christoph Groppenberger - Fotograf + Kameramann Graz Steiermark \u00d6sterreich\" \/>\n<meta property=\"og:description\" content=\"Der Fotograf und Kameramann aus Graz, spezialisiert auf Naturfotografie und Naturfilm, Zeitrafferspezialist und Kameramann f\u00fcr Dokumentarfilm.\" \/>\n<meta property=\"og:url\" content=\"https:\/\/christoph-groppenberger.com\/de\/ueber-mich\/\" \/>\n<meta property=\"og:site_name\" content=\"Bilder der Erde - Christoph Groppenberger - Fotograf + Kameramann Graz Steiermark \u00d6sterreich\" \/>\n<meta property=\"article:publisher\" content=\"https:\/\/www.facebook.com\/christoph.groppenberger.photographer\" \/>\n<meta property=\"article:modified_time\" content=\"2022-08-26T12:37:43+00:00\" \/>\n<meta property=\"og:image\" content=\"http:\/\/christoph-groppenberger.com\/de\/wp-content\/uploads\/2014\/08\/christoph-groppenberger.jpg\" \/>\n<meta name=\"twitter:card\" content=\"summary_large_image\" \/>\n<meta name=\"twitter:site\" content=\"@ChGroppenberger\" \/>\n<meta name=\"twitter:label1\" content=\"Gesch\u00e4tzte Lesezeit\" \/>\n\t<meta name=\"twitter:data1\" content=\"2\u00a0Minuten\" \/>\n<script type=\"application\/ld+json\" class=\"yoast-schema-graph\">{\"@context\":\"https:\/\/schema.org\",\"@graph\":[{\"@type\":\"WebPage\",\"@id\":\"https:\/\/christoph-groppenberger.com\/de\/ueber-mich\/\",\"url\":\"https:\/\/christoph-groppenberger.com\/de\/ueber-mich\/\",\"name\":\"\u00dcber mich - Bilder der Erde - Christoph Groppenberger - Fotograf + Kameramann Graz Steiermark \u00d6sterreich\",\"isPartOf\":{\"@id\":\"https:\/\/christoph-groppenberger.com\/de\/#website\"},\"primaryImageOfPage\":{\"@id\":\"https:\/\/christoph-groppenberger.com\/de\/ueber-mich\/#primaryimage\"},\"image\":{\"@id\":\"https:\/\/christoph-groppenberger.com\/de\/ueber-mich\/#primaryimage\"},\"thumbnailUrl\":\"http:\/\/christoph-groppenberger.com\/de\/wp-content\/uploads\/2014\/08\/christoph-groppenberger.jpg\",\"datePublished\":\"2014-08-05T17:22:17+00:00\",\"dateModified\":\"2022-08-26T12:37:43+00:00\",\"description\":\"Der Fotograf und Kameramann aus Graz, spezialisiert auf Naturfotografie und Naturfilm, Zeitrafferspezialist und Kameramann f\u00fcr Dokumentarfilm.\",\"breadcrumb\":{\"@id\":\"https:\/\/christoph-groppenberger.com\/de\/ueber-mich\/#breadcrumb\"},\"inLanguage\":\"de\",\"potentialAction\":[{\"@type\":\"ReadAction\",\"target\":[\"https:\/\/christoph-groppenberger.com\/de\/ueber-mich\/\"]}]},{\"@type\":\"ImageObject\",\"inLanguage\":\"de\",\"@id\":\"https:\/\/christoph-groppenberger.com\/de\/ueber-mich\/#primaryimage\",\"url\":\"https:\/\/christoph-groppenberger.com\/de\/wp-content\/uploads\/2014\/08\/christoph-groppenberger.jpg\",\"contentUrl\":\"https:\/\/christoph-groppenberger.com\/de\/wp-content\/uploads\/2014\/08\/christoph-groppenberger.jpg\",\"width\":800,\"height\":640,\"caption\":\"Naturfotograf \u00d6sterreich, Kameramann \u00d6sterreich, Dokumentarfilm, Landschaftsfotograf\"},{\"@type\":\"BreadcrumbList\",\"@id\":\"https:\/\/christoph-groppenberger.com\/de\/ueber-mich\/#breadcrumb\",\"itemListElement\":[{\"@type\":\"ListItem\",\"position\":1,\"name\":\"Home\",\"item\":\"https:\/\/christoph-groppenberger.com\/de\/\"},{\"@type\":\"ListItem\",\"position\":2,\"name\":\"\u00dcber mich\"}]},{\"@type\":\"WebSite\",\"@id\":\"https:\/\/christoph-groppenberger.com\/de\/#website\",\"url\":\"https:\/\/christoph-groppenberger.com\/de\/\",\"name\":\"Bilder der Erde - Christoph Groppenberger - Fotograf + Kameramann Graz Steiermark \u00d6sterreich\",\"description\":\"Fotograf Graz, Naturfotograf \u00d6sterreich, Dokumentarfotograf, Naturfilm, Dokumentarfilm, Outdoorfoto, Onlineshop\",\"potentialAction\":[{\"@type\":\"SearchAction\",\"target\":{\"@type\":\"EntryPoint\",\"urlTemplate\":\"https:\/\/christoph-groppenberger.com\/de\/?s={search_term_string}\"},\"query-input\":\"required name=search_term_string\"}],\"inLanguage\":\"de\"}]}<\/script>\n<!-- \/ Yoast SEO plugin. -->","yoast_head_json":{"title":"\u00dcber mich - Bilder der Erde - Christoph Groppenberger - Fotograf + Kameramann Graz Steiermark \u00d6sterreich","description":"Der Fotograf und Kameramann aus Graz, spezialisiert auf Naturfotografie und Naturfilm, Zeitrafferspezialist und Kameramann f\u00fcr Dokumentarfilm.","robots":{"index":"index","follow":"follow","max-snippet":"max-snippet:-1","max-image-preview":"max-image-preview:large","max-video-preview":"max-video-preview:-1"},"og_locale":"de_DE","og_type":"article","og_title":"\u00dcber mich - Bilder der Erde - Christoph Groppenberger - Fotograf + Kameramann Graz Steiermark \u00d6sterreich","og_description":"Der Fotograf und Kameramann aus Graz, spezialisiert auf Naturfotografie und Naturfilm, Zeitrafferspezialist und Kameramann f\u00fcr Dokumentarfilm.","og_url":"https:\/\/christoph-groppenberger.com\/de\/ueber-mich\/","og_site_name":"Bilder der Erde - Christoph Groppenberger - Fotograf + Kameramann Graz Steiermark \u00d6sterreich","article_publisher":"https:\/\/www.facebook.com\/christoph.groppenberger.photographer","article_modified_time":"2022-08-26T12:37:43+00:00","og_image":[{"url":"http:\/\/christoph-groppenberger.com\/de\/wp-content\/uploads\/2014\/08\/christoph-groppenberger.jpg"}],"twitter_card":"summary_large_image","twitter_site":"@ChGroppenberger","twitter_misc":{"Gesch\u00e4tzte Lesezeit":"2\u00a0Minuten"},"schema":{"@context":"https:\/\/schema.org","@graph":[{"@type":"WebPage","@id":"https:\/\/christoph-groppenberger.com\/de\/ueber-mich\/","url":"https:\/\/christoph-groppenberger.com\/de\/ueber-mich\/","name":"\u00dcber mich - Bilder der Erde - Christoph Groppenberger - Fotograf + Kameramann Graz Steiermark \u00d6sterreich","isPartOf":{"@id":"https:\/\/christoph-groppenberger.com\/de\/#website"},"primaryImageOfPage":{"@id":"https:\/\/christoph-groppenberger.com\/de\/ueber-mich\/#primaryimage"},"image":{"@id":"https:\/\/christoph-groppenberger.com\/de\/ueber-mich\/#primaryimage"},"thumbnailUrl":"http:\/\/christoph-groppenberger.com\/de\/wp-content\/uploads\/2014\/08\/christoph-groppenberger.jpg","datePublished":"2014-08-05T17:22:17+00:00","dateModified":"2022-08-26T12:37:43+00:00","description":"Der Fotograf und Kameramann aus Graz, spezialisiert auf Naturfotografie und Naturfilm, Zeitrafferspezialist und Kameramann f\u00fcr Dokumentarfilm.","breadcrumb":{"@id":"https:\/\/christoph-groppenberger.com\/de\/ueber-mich\/#breadcrumb"},"inLanguage":"de","potentialAction":[{"@type":"ReadAction","target":["https:\/\/christoph-groppenberger.com\/de\/ueber-mich\/"]}]},{"@type":"ImageObject","inLanguage":"de","@id":"https:\/\/christoph-groppenberger.com\/de\/ueber-mich\/#primaryimage","url":"https:\/\/christoph-groppenberger.com\/de\/wp-content\/uploads\/2014\/08\/christoph-groppenberger.jpg","contentUrl":"https:\/\/christoph-groppenberger.com\/de\/wp-content\/uploads\/2014\/08\/christoph-groppenberger.jpg","width":800,"height":640,"caption":"Naturfotograf \u00d6sterreich, Kameramann \u00d6sterreich, Dokumentarfilm, Landschaftsfotograf"},{"@type":"BreadcrumbList","@id":"https:\/\/christoph-groppenberger.com\/de\/ueber-mich\/#breadcrumb","itemListElement":[{"@type":"ListItem","position":1,"name":"Home","item":"https:\/\/christoph-groppenberger.com\/de\/"},{"@type":"ListItem","position":2,"name":"\u00dcber mich"}]},{"@type":"WebSite","@id":"https:\/\/christoph-groppenberger.com\/de\/#website","url":"https:\/\/christoph-groppenberger.com\/de\/","name":"Bilder der Erde - Christoph Groppenberger - Fotograf + Kameramann Graz Steiermark \u00d6sterreich","description":"Fotograf Graz, Naturfotograf \u00d6sterreich, Dokumentarfotograf, Naturfilm, Dokumentarfilm, Outdoorfoto, Onlineshop","potentialAction":[{"@type":"SearchAction","target":{"@type":"EntryPoint","urlTemplate":"https:\/\/christoph-groppenberger.com\/de\/?s={search_term_string}"},"query-input":"required name=search_term_string"}],"inLanguage":"de"}]}},"_links":{"self":[{"href":"https:\/\/christoph-groppenberger.com\/de\/wp-json\/wp\/v2\/pages\/843"}],"collection":[{"href":"https:\/\/christoph-groppenberger.com\/de\/wp-json\/wp\/v2\/pages"}],"about":[{"href":"https:\/\/christoph-groppenberger.com\/de\/wp-json\/wp\/v2\/types\/page"}],"author":[{"embeddable":true,"href":"https:\/\/christoph-groppenberger.com\/de\/wp-json\/wp\/v2\/users\/1"}],"replies":[{"embeddable":true,"href":"https:\/\/christoph-groppenberger.com\/de\/wp-json\/wp\/v2\/comments?post=843"}],"version-history":[{"count":34,"href":"https:\/\/christoph-groppenberger.com\/de\/wp-json\/wp\/v2\/pages\/843\/revisions"}],"predecessor-version":[{"id":1759,"href":"https:\/\/christoph-groppenberger.com\/de\/wp-json\/wp\/v2\/pages\/843\/revisions\/1759"}],"wp:attachment":[{"href":"https:\/\/christoph-groppenberger.com\/de\/wp-json\/wp\/v2\/media?parent=843"}],"curies":[{"name":"wp","href":"https:\/\/api.w.org\/{rel}","templated":true}]}}