{"id":859,"date":"2014-08-06T10:56:58","date_gmt":"2014-08-06T08:56:58","guid":{"rendered":"http:\/\/christoph-groppenberger.com\/de\/?page_id=859"},"modified":"2024-08-02T17:00:04","modified_gmt":"2024-08-02T15:00:04","slug":"impressum","status":"publish","type":"page","link":"https:\/\/christoph-groppenberger.com\/de\/impressum\/","title":{"rendered":"Impressum"},"content":{"rendered":"<p><strong>Christoph Groppenberger &#8211; Fotograf + Kameramann<\/strong><br \/>\nGleispachgasse 1<br \/>\n\u00d6sterreich \u2013 8045 Graz<br \/>\nE-mail: mail(a)christoph-groppenberger.com<br \/>\nUID: ATU61389447<\/p>\n<p>Beh\u00f6rde gem. ECG: Magistrat der Stadt Graz<\/p>\n<p><strong>Mitglied der Wirtschaftskammer \u00d6sterreich in folgenden Fachverb\u00e4nden <\/strong><\/p>\n<p>&#8211; Landesinnung Berufsfotografen<br \/>\n&#8211; Fachverband der Film und Musikindustrie<\/p>\n<p><strong>Berufsrecht:<\/strong><\/p>\n<p>Gewerbeordnung: <a href=\"http:\/\/www.ris.bka.gv.at\/\" target=\"_blank\" rel=\"noopener\">www.ris.bka.gv.at<\/a><\/p>\n<p><strong>Links:<\/strong><\/p>\n<p><a href=\"http:\/\/wko.at\/\" target=\"_blank\" rel=\"noopener\">&gt;&gt; Wirtschaftskammer \u00d6sterreich &lt;&lt;<\/a><br \/>\n<a href=\"http:\/\/www.fotografen.at\" target=\"_blank\" rel=\"noopener\">&gt;&gt; Landesinnung der Berufsfotografen &lt;&lt;<\/a><br \/>\n<a href=\"http:\/\/www.filmandmusicaustria.at\/\" target=\"_blank\" rel=\"noopener\">&gt;&gt; Fachverband der Audiovisions &amp; Filmindustrie &lt;&lt;<\/a><br \/>\n<a href=\"http:\/\/www.cinestyria.com\/450_de\/cs_service_details.asp?id=340&amp;menurt=0&amp;menuid=0&amp;ptype=0\" target=\"_blank\" rel=\"noopener\">&gt;&gt; Cinestyria Filmcomission &amp; Fonds&lt;&lt;<\/a><\/p>\n","protected":false},"excerpt":{"rendered":"<p>Christoph Groppenberger &#8211; Fotograf + Kameramann Gleispachgasse 1 \u00d6sterreich \u2013 8045 Graz E-mail: mail(a)christoph-groppenberger.com UID: ATU61389447 Beh\u00f6rde gem. ECG: Magistrat der Stadt Graz Mitglied der Wirtschaftskammer \u00d6sterreich in folgenden Fachverb\u00e4nden &#8211; Landesinnung Berufsfotografen &#8211; Fachverband der Film und Musikindustrie Berufsrecht: Gewerbeordnung: www.ris.bka.gv.at Links: &gt;&gt; Wirtschaftskammer \u00d6sterreich &lt;&lt; &gt;&gt; Landesinnung der Berufsfotografen &lt;&lt; &gt;&gt; Fachverband der Audiovisions &amp; Filmindustrie &lt;&lt; &gt;&gt; Cinestyria Filmcomission &amp; Fonds&lt;&lt;<\/p>\n","protected":false},"author":1,"featured_media":0,"parent":0,"menu_order":0,"comment_status":"closed","ping_status":"open","template":"page-full-width.php","meta":{"footnotes":""},"yoast_head":"<!-- This site is optimized with the Yoast SEO plugin v22.5 - https:\/\/yoast.com\/wordpress\/plugins\/seo\/ -->\n<title>Impressum - Bilder der Erde - Christoph Groppenberger - Fotograf + Kameramann Graz Steiermark \u00d6sterreich<\/title>\n<meta name=\"robots\" content=\"index, follow, max-snippet:-1, max-image-preview:large, max-video-preview:-1\" \/>\n<meta property=\"og:locale\" content=\"de_DE\" \/>\n<meta property=\"og:type\" content=\"article\" \/>\n<meta property=\"og:title\" content=\"Impressum - Bilder der Erde - Christoph Groppenberger - Fotograf + Kameramann Graz Steiermark \u00d6sterreich\" \/>\n<meta property=\"og:description\" content=\"Christoph Groppenberger &#8211; Fotograf + Kameramann Gleispachgasse 1 \u00d6sterreich \u2013 8045 Graz E-mail: mail(a)christoph-groppenberger.com UID: ATU61389447 Beh\u00f6rde gem. ECG: Magistrat der Stadt Graz Mitglied der Wirtschaftskammer \u00d6sterreich in folgenden Fachverb\u00e4nden &#8211; Landesinnung Berufsfotografen &#8211; Fachverband der Film und Musikindustrie Berufsrecht: Gewerbeordnung: www.ris.bka.gv.at Links: &gt;&gt; Wirtschaftskammer \u00d6sterreich &lt;&lt; &gt;&gt; Landesinnung der Berufsfotografen &lt;&lt; &gt;&gt; Fachverband der Audiovisions &amp; Filmindustrie &lt;&lt; &gt;&gt; Cinestyria Filmcomission &amp; Fonds&lt;&lt;\" \/>\n<meta property=\"og:url\" content=\"https:\/\/christoph-groppenberger.com\/de\/impressum\/\" \/>\n<meta property=\"og:site_name\" content=\"Bilder der Erde - Christoph Groppenberger - Fotograf + Kameramann Graz Steiermark \u00d6sterreich\" \/>\n<meta property=\"article:publisher\" content=\"https:\/\/www.facebook.com\/christoph.groppenberger.photographer\" \/>\n<meta property=\"article:modified_time\" content=\"2024-08-02T15:00:04+00:00\" \/>\n<meta name=\"twitter:card\" content=\"summary_large_image\" \/>\n<meta name=\"twitter:site\" content=\"@ChGroppenberger\" \/>\n<meta name=\"twitter:label1\" content=\"Gesch\u00e4tzte Lesezeit\" \/>\n\t<meta name=\"twitter:data1\" content=\"1\u00a0Minute\" \/>\n<script type=\"application\/ld+json\" class=\"yoast-schema-graph\">{\"@context\":\"https:\/\/schema.org\",\"@graph\":[{\"@type\":\"WebPage\",\"@id\":\"https:\/\/christoph-groppenberger.com\/de\/impressum\/\",\"url\":\"https:\/\/christoph-groppenberger.com\/de\/impressum\/\",\"name\":\"Impressum - Bilder der Erde - Christoph Groppenberger - Fotograf + Kameramann Graz Steiermark \u00d6sterreich\",\"isPartOf\":{\"@id\":\"https:\/\/christoph-groppenberger.com\/de\/#website\"},\"datePublished\":\"2014-08-06T08:56:58+00:00\",\"dateModified\":\"2024-08-02T15:00:04+00:00\",\"breadcrumb\":{\"@id\":\"https:\/\/christoph-groppenberger.com\/de\/impressum\/#breadcrumb\"},\"inLanguage\":\"de\",\"potentialAction\":[{\"@type\":\"ReadAction\",\"target\":[\"https:\/\/christoph-groppenberger.com\/de\/impressum\/\"]}]},{\"@type\":\"BreadcrumbList\",\"@id\":\"https:\/\/christoph-groppenberger.com\/de\/impressum\/#breadcrumb\",\"itemListElement\":[{\"@type\":\"ListItem\",\"position\":1,\"name\":\"Home\",\"item\":\"https:\/\/christoph-groppenberger.com\/de\/\"},{\"@type\":\"ListItem\",\"position\":2,\"name\":\"Impressum\"}]},{\"@type\":\"WebSite\",\"@id\":\"https:\/\/christoph-groppenberger.com\/de\/#website\",\"url\":\"https:\/\/christoph-groppenberger.com\/de\/\",\"name\":\"Bilder der Erde - Christoph Groppenberger - Fotograf + Kameramann Graz Steiermark \u00d6sterreich\",\"description\":\"Fotograf Graz, Naturfotograf \u00d6sterreich, Dokumentarfotograf, Naturfilm, Dokumentarfilm, Outdoorfoto, Onlineshop\",\"potentialAction\":[{\"@type\":\"SearchAction\",\"target\":{\"@type\":\"EntryPoint\",\"urlTemplate\":\"https:\/\/christoph-groppenberger.com\/de\/?s={search_term_string}\"},\"query-input\":\"required name=search_term_string\"}],\"inLanguage\":\"de\"}]}<\/script>\n<!-- \/ Yoast SEO plugin. -->","yoast_head_json":{"title":"Impressum - Bilder der Erde - Christoph Groppenberger - Fotograf + Kameramann Graz Steiermark \u00d6sterreich","robots":{"index":"index","follow":"follow","max-snippet":"max-snippet:-1","max-image-preview":"max-image-preview:large","max-video-preview":"max-video-preview:-1"},"og_locale":"de_DE","og_type":"article","og_title":"Impressum - Bilder der Erde - Christoph Groppenberger - Fotograf + Kameramann Graz Steiermark \u00d6sterreich","og_description":"Christoph Groppenberger &#8211; Fotograf + Kameramann Gleispachgasse 1 \u00d6sterreich \u2013 8045 Graz E-mail: mail(a)christoph-groppenberger.com UID: ATU61389447 Beh\u00f6rde gem. ECG: Magistrat der Stadt Graz Mitglied der Wirtschaftskammer \u00d6sterreich in folgenden Fachverb\u00e4nden &#8211; Landesinnung Berufsfotografen &#8211; Fachverband der Film und Musikindustrie Berufsrecht: Gewerbeordnung: www.ris.bka.gv.at Links: &gt;&gt; Wirtschaftskammer \u00d6sterreich &lt;&lt; &gt;&gt; Landesinnung der Berufsfotografen &lt;&lt; &gt;&gt; Fachverband der Audiovisions &amp; Filmindustrie &lt;&lt; &gt;&gt; Cinestyria Filmcomission &amp; Fonds&lt;&lt;","og_url":"https:\/\/christoph-groppenberger.com\/de\/impressum\/","og_site_name":"Bilder der Erde - Christoph Groppenberger - Fotograf + Kameramann Graz Steiermark \u00d6sterreich","article_publisher":"https:\/\/www.facebook.com\/christoph.groppenberger.photographer","article_modified_time":"2024-08-02T15:00:04+00:00","twitter_card":"summary_large_image","twitter_site":"@ChGroppenberger","twitter_misc":{"Gesch\u00e4tzte Lesezeit":"1\u00a0Minute"},"schema":{"@context":"https:\/\/schema.org","@graph":[{"@type":"WebPage","@id":"https:\/\/christoph-groppenberger.com\/de\/impressum\/","url":"https:\/\/christoph-groppenberger.com\/de\/impressum\/","name":"Impressum - Bilder der Erde - Christoph Groppenberger - Fotograf + Kameramann Graz Steiermark \u00d6sterreich","isPartOf":{"@id":"https:\/\/christoph-groppenberger.com\/de\/#website"},"datePublished":"2014-08-06T08:56:58+00:00","dateModified":"2024-08-02T15:00:04+00:00","breadcrumb":{"@id":"https:\/\/christoph-groppenberger.com\/de\/impressum\/#breadcrumb"},"inLanguage":"de","potentialAction":[{"@type":"ReadAction","target":["https:\/\/christoph-groppenberger.com\/de\/impressum\/"]}]},{"@type":"BreadcrumbList","@id":"https:\/\/christoph-groppenberger.com\/de\/impressum\/#breadcrumb","itemListElement":[{"@type":"ListItem","position":1,"name":"Home","item":"https:\/\/christoph-groppenberger.com\/de\/"},{"@type":"ListItem","position":2,"name":"Impressum"}]},{"@type":"WebSite","@id":"https:\/\/christoph-groppenberger.com\/de\/#website","url":"https:\/\/christoph-groppenberger.com\/de\/","name":"Bilder der Erde - Christoph Groppenberger - Fotograf + Kameramann Graz Steiermark \u00d6sterreich","description":"Fotograf Graz, Naturfotograf \u00d6sterreich, Dokumentarfotograf, Naturfilm, Dokumentarfilm, Outdoorfoto, Onlineshop","potentialAction":[{"@type":"SearchAction","target":{"@type":"EntryPoint","urlTemplate":"https:\/\/christoph-groppenberger.com\/de\/?s={search_term_string}"},"query-input":"required name=search_term_string"}],"inLanguage":"de"}]}},"_links":{"self":[{"href":"https:\/\/christoph-groppenberger.com\/de\/wp-json\/wp\/v2\/pages\/859"}],"collection":[{"href":"https:\/\/christoph-groppenberger.com\/de\/wp-json\/wp\/v2\/pages"}],"about":[{"href":"https:\/\/christoph-groppenberger.com\/de\/wp-json\/wp\/v2\/types\/page"}],"author":[{"embeddable":true,"href":"https:\/\/christoph-groppenberger.com\/de\/wp-json\/wp\/v2\/users\/1"}],"replies":[{"embeddable":true,"href":"https:\/\/christoph-groppenberger.com\/de\/wp-json\/wp\/v2\/comments?post=859"}],"version-history":[{"count":12,"href":"https:\/\/christoph-groppenberger.com\/de\/wp-json\/wp\/v2\/pages\/859\/revisions"}],"predecessor-version":[{"id":1768,"href":"https:\/\/christoph-groppenberger.com\/de\/wp-json\/wp\/v2\/pages\/859\/revisions\/1768"}],"wp:attachment":[{"href":"https:\/\/christoph-groppenberger.com\/de\/wp-json\/wp\/v2\/media?parent=859"}],"curies":[{"name":"wp","href":"https:\/\/api.w.org\/{rel}","templated":true}]}}